{"id":803,"date":"2018-01-30T16:01:30","date_gmt":"2018-01-30T15:01:30","guid":{"rendered":"http:\/\/www.ecoquartier-strasbourg.fr\/?page_id=803"},"modified":"2018-02-13T16:04:41","modified_gmt":"2018-02-13T15:04:41","slug":"commande-publications","status":"publish","type":"page","link":"https:\/\/www.ecoquartier-strasbourg.fr\/index.php\/commande-publications\/","title":{"rendered":"Commande de nos publications"},"content":{"rendered":"<div class=\"mpl-content-wrap\"><h1>Pour commander nos publications<\/h1>\n<p>merci de remplir ce formulaire si vous souhaitez commander une (ou des) ouvrage(s). Notez que l&rsquo;envoi ne sera effectu\u00e9 qu&rsquo;une fois le paiement valid\u00e9. Merci!<\/p>\n\n<div class=\"wpcf7 no-js\" id=\"wpcf7-f647-o1\" lang=\"fr-FR\" dir=\"ltr\">\n<div class=\"screen-reader-response\"><p role=\"status\" aria-live=\"polite\" aria-atomic=\"true\"><\/p> <ul><\/ul><\/div>\n<form action=\"\/index.php\/wp-json\/wp\/v2\/pages\/803#wpcf7-f647-o1\" method=\"post\" class=\"wpcf7-form init\" aria-label=\"Formulaire de contact\" novalidate=\"novalidate\" data-status=\"init\">\n<div style=\"display: none;\">\n<input type=\"hidden\" name=\"_wpcf7\" value=\"647\" \/>\n<input type=\"hidden\" name=\"_wpcf7_version\" value=\"5.7.7\" \/>\n<input type=\"hidden\" name=\"_wpcf7_locale\" value=\"fr_FR\" \/>\n<input type=\"hidden\" name=\"_wpcf7_unit_tag\" value=\"wpcf7-f647-o1\" \/>\n<input type=\"hidden\" name=\"_wpcf7_container_post\" value=\"0\" \/>\n<input type=\"hidden\" name=\"_wpcf7_posted_data_hash\" value=\"\" \/>\n<\/div>\n<p>Merci de remplir tous les champs<br \/>\n(* obligatoires)\n<\/p>\n<p>Nom et Pr\u00e9nom* <span class=\"wpcf7-form-control-wrap\" data-name=\"text-337\"><input size=\"40\" class=\"wpcf7-form-control wpcf7-text wpcf7-validates-as-required\" aria-required=\"true\" aria-invalid=\"false\" value=\"\" type=\"text\" name=\"text-337\" \/><\/span>\n<\/p>\n<p>Email* <span class=\"wpcf7-form-control-wrap\" data-name=\"email-943\"><input size=\"40\" class=\"wpcf7-form-control wpcf7-text wpcf7-email wpcf7-validates-as-required wpcf7-validates-as-email\" aria-required=\"true\" aria-invalid=\"false\" placeholder=\"\" value=\"\" type=\"email\" name=\"email-943\" \/><\/span>\n<\/p>\n<p>Num\u00e9ro de t\u00e9l\u00e9phone* <span class=\"wpcf7-form-control-wrap\" data-name=\"tel-972\"><input size=\"40\" class=\"wpcf7-form-control wpcf7-text wpcf7-tel wpcf7-validates-as-required wpcf7-validates-as-tel\" aria-required=\"true\" aria-invalid=\"false\" value=\"\" type=\"tel\" name=\"tel-972\" \/><\/span>\n<\/p>\n<p>Adresse* <span class=\"wpcf7-form-control-wrap\" data-name=\"VotreAdresse\"><input size=\"40\" class=\"wpcf7-form-control wpcf7-text wpcf7-validates-as-required\" aria-required=\"true\" aria-invalid=\"false\" value=\"\" type=\"text\" name=\"VotreAdresse\" \/><\/span>\n<\/p>\n<p>Code postal* <span class=\"wpcf7-form-control-wrap\" data-name=\"CodePostal\"><input size=\"40\" class=\"wpcf7-form-control wpcf7-text wpcf7-validates-as-required\" aria-required=\"true\" aria-invalid=\"false\" value=\"Code Postal\" type=\"text\" name=\"CodePostal\" \/><\/span>\n<\/p>\n<p>Commune* <span class=\"wpcf7-form-control-wrap\" data-name=\"Commune\"><input size=\"40\" class=\"wpcf7-form-control wpcf7-text wpcf7-validates-as-required\" aria-required=\"true\" aria-invalid=\"false\" value=\"\" type=\"text\" name=\"Commune\" \/><\/span>\n<\/p>\n<p>S\u00e9lectionner le ou les ouvrages que vous souhaitez commander*<br \/>\n<span class=\"wpcf7-form-control-wrap\" data-name=\"Ouvrages\"><span class=\"wpcf7-form-control wpcf7-checkbox wpcf7-validates-as-required\"><span class=\"wpcf7-list-item first\"><input type=\"checkbox\" name=\"Ouvrages[]\" value=\"Guide de l&#039;autopromotion 2015 (25\u20ac)\" \/><span class=\"wpcf7-list-item-label\">Guide de l&#039;autopromotion 2015 (25\u20ac)<\/span><\/span><span class=\"wpcf7-list-item\"><input type=\"checkbox\" name=\"Ouvrages[]\" value=\"DVD 1+1=3 (10\u20ac)\" \/><span class=\"wpcf7-list-item-label\">DVD 1+1=3 (10\u20ac)<\/span><\/span><span class=\"wpcf7-list-item\"><input type=\"checkbox\" name=\"Ouvrages[]\" value=\"Guide pratique pour une gestion durable et participative des copropri\u00e9t\u00e9s 2018 (13\u20ac)\" \/><span class=\"wpcf7-list-item-label\">Guide pratique pour une gestion durable et participative des copropri\u00e9t\u00e9s 2018 (13\u20ac)<\/span><\/span><span class=\"wpcf7-list-item last\"><input type=\"checkbox\" name=\"Ouvrages[]\" value=\"Jeu de l&#039;habitat participatif (25\u20ac)\" \/><span class=\"wpcf7-list-item-label\">Jeu de l&#039;habitat participatif (25\u20ac)<\/span><\/span><\/span><\/span><br \/>\nLes frais d'envoi postaux sont calcul\u00e9s en sus.\n<\/p>\n<p>Nombre d'exemplaire(s) souhait\u00e9*<br \/>\n<span class=\"wpcf7-form-control-wrap\" data-name=\"Nombredexemplaires\"><select class=\"wpcf7-form-control wpcf7-select wpcf7-validates-as-required\" aria-required=\"true\" aria-invalid=\"false\" name=\"Nombredexemplaires\"><option value=\"1\">1<\/option><option value=\"2\">2<\/option><option value=\"3\">3<\/option><option value=\"4\">4<\/option><option value=\"Autre cas: pr\u00e9cisez votre commande ci-dessous.\">Autre cas: pr\u00e9cisez votre commande ci-dessous.<\/option><\/select><\/span>\n<\/p>\n<p>Commentaires utiles au traitement de votre commande (+ de 30 exemplaires, envoi hors France m\u00e9tropolitaine, cas particulier,...)<br \/>\n<span class=\"wpcf7-form-control-wrap\" data-name=\"text-506\"><input size=\"40\" class=\"wpcf7-form-control wpcf7-text\" aria-invalid=\"false\" value=\"\" type=\"text\" name=\"text-506\" \/><\/span>\n<\/p>\n<p>S\u00e9lectionner le mode de paiement choisi*<br \/>\n<span class=\"wpcf7-form-control-wrap\" data-name=\"menu-985\"><select class=\"wpcf7-form-control wpcf7-select wpcf7-validates-as-required\" aria-required=\"true\" aria-invalid=\"false\" name=\"menu-985\"><option value=\"Je souhaite payer par Paypal ou carte bancaire\">Je souhaite payer par Paypal ou carte bancaire<\/option><option value=\"Je souhaite payer par ch\u00e8que, \u00e0 envoyer \u00e0 l&#039;adresse : ECO-QUARTIER STRASBOURG, 1a Place des Orphelins 67100 Strasbourg\">Je souhaite payer par ch\u00e8que, \u00e0 envoyer \u00e0 l&#039;adresse : ECO-QUARTIER STRASBOURG, 1a Place des Orphelins 67100 Strasbourg<\/option><\/select><\/span>\n<\/p>\n<p><span class=\"wpcf7-form-control-wrap\" data-name=\"checkbox-336\"><span class=\"wpcf7-form-control wpcf7-checkbox wpcf7-validates-as-required\"><span class=\"wpcf7-list-item first last\"><input type=\"checkbox\" name=\"checkbox-336[]\" value=\"J&#039;ai not\u00e9 qu&#039;apr\u00e8s l&#039;envoi de ce formulaire (dont la validation me sera confirm\u00e9e par retour de mail), ma commande me sera envoy\u00e9e apr\u00e8s r\u00e8glement*\" \/><span class=\"wpcf7-list-item-label\">J&#039;ai not\u00e9 qu&#039;apr\u00e8s l&#039;envoi de ce formulaire (dont la validation me sera confirm\u00e9e par retour de mail), ma commande me sera envoy\u00e9e apr\u00e8s r\u00e8glement*<\/span><\/span><\/span><\/span>\n<\/p>\n<p>Il peut y avoir un d\u00e9lai de quelques heures avant la r\u00e9ception de la facture \u00e0 r\u00e9gler !<br \/>\n<input class=\"wpcf7-form-control has-spinner wpcf7-submit\" type=\"submit\" value=\"Envoyer\" \/>\n<\/p><p style=\"display: none !important;\"><label>&#916;<textarea name=\"_wpcf7_ak_hp_textarea\" cols=\"45\" rows=\"8\" maxlength=\"100\"><\/textarea><\/label><input type=\"hidden\" id=\"ak_js_1\" name=\"_wpcf7_ak_js\" value=\"47\"\/><script>document.getElementById( \"ak_js_1\" ).setAttribute( \"value\", ( new Date() ).getTime() );<\/script><\/p><div class=\"wpcf7-response-output\" aria-hidden=\"true\"><\/div>\n<\/form>\n<\/div>\n\n<p>&nbsp;<\/p>\n<\/div>","protected":false},"excerpt":{"rendered":"<p>Pour commander nos publications merci de remplir ce formulaire si vous souhaitez commander une (ou des) ouvrage(s). Notez que l&rsquo;envoi ne sera effectu\u00e9 qu&rsquo;une fois le paiement valid\u00e9. Merci! &nbsp;<\/p>\n<p> <a class=\"continue-reading-link\" href=\"https:\/\/www.ecoquartier-strasbourg.fr\/index.php\/commande-publications\/\"><span>Lire la suite<\/span><i class=\"crycon-right-dir\"><\/i><\/a> <\/p>\n","protected":false},"author":1,"featured_media":0,"parent":0,"menu_order":0,"comment_status":"closed","ping_status":"closed","template":"templates\/template-onecolumn.php","meta":{"footnotes":""},"yoast_head":"<!-- This site is optimized with the Yoast SEO plugin v22.6 - https:\/\/yoast.com\/wordpress\/plugins\/seo\/ -->\n<title>Commande de nos publications I Eco-Quartier Strasbourg<\/title>\n<meta name=\"description\" content=\"Formulaire de commande du Guide de l&#039;Autopromotion, du guide pratique de gestion de mani\u00e8re durable et collective les copropri\u00e9t\u00e9s ou du DVD 1+1=3, publications de l&#039;association Eco-Quartier Strasbourg.\" \/>\n<meta name=\"robots\" content=\"index, follow, max-snippet:-1, max-image-preview:large, max-video-preview:-1\" \/>\n<link rel=\"canonical\" href=\"https:\/\/www.ecoquartier-strasbourg.fr\/index.php\/commande-publications\/\" \/>\n<meta property=\"og:locale\" content=\"fr_FR\" \/>\n<meta property=\"og:type\" content=\"article\" \/>\n<meta property=\"og:title\" content=\"Commande de nos publications I Eco-Quartier Strasbourg\" \/>\n<meta property=\"og:description\" content=\"Formulaire de commande du Guide de l&#039;Autopromotion, du guide pratique de gestion de mani\u00e8re durable et collective les copropri\u00e9t\u00e9s ou du DVD 1+1=3, publications de l&#039;association Eco-Quartier Strasbourg.\" \/>\n<meta property=\"og:url\" content=\"https:\/\/www.ecoquartier-strasbourg.fr\/index.php\/commande-publications\/\" \/>\n<meta property=\"og:site_name\" content=\"Eco-quartier Strasbourg\" \/>\n<meta property=\"article:publisher\" content=\"https:\/\/www.facebook.com\/ecoquartierstras\/\" \/>\n<meta property=\"article:modified_time\" content=\"2018-02-13T15:04:41+00:00\" \/>\n<meta name=\"twitter:card\" content=\"summary_large_image\" \/>\n<script type=\"application\/ld+json\" class=\"yoast-schema-graph\">{\"@context\":\"https:\/\/schema.org\",\"@graph\":[{\"@type\":\"WebPage\",\"@id\":\"https:\/\/www.ecoquartier-strasbourg.fr\/index.php\/commande-publications\/\",\"url\":\"https:\/\/www.ecoquartier-strasbourg.fr\/index.php\/commande-publications\/\",\"name\":\"Commande de nos publications I Eco-Quartier Strasbourg\",\"isPartOf\":{\"@id\":\"http:\/\/www.ecoquartier-strasbourg.fr\/#website\"},\"datePublished\":\"2018-01-30T15:01:30+00:00\",\"dateModified\":\"2018-02-13T15:04:41+00:00\",\"description\":\"Formulaire de commande du Guide de l'Autopromotion, du guide pratique de gestion de mani\u00e8re durable et collective les copropri\u00e9t\u00e9s ou du DVD 1+1=3, publications de l'association Eco-Quartier Strasbourg.\",\"breadcrumb\":{\"@id\":\"https:\/\/www.ecoquartier-strasbourg.fr\/index.php\/commande-publications\/#breadcrumb\"},\"inLanguage\":\"fr-FR\",\"potentialAction\":[{\"@type\":\"ReadAction\",\"target\":[\"https:\/\/www.ecoquartier-strasbourg.fr\/index.php\/commande-publications\/\"]}]},{\"@type\":\"BreadcrumbList\",\"@id\":\"https:\/\/www.ecoquartier-strasbourg.fr\/index.php\/commande-publications\/#breadcrumb\",\"itemListElement\":[{\"@type\":\"ListItem\",\"position\":1,\"name\":\"Accueil\",\"item\":\"http:\/\/www.ecoquartier-strasbourg.fr\/\"},{\"@type\":\"ListItem\",\"position\":2,\"name\":\"Commande de nos publications\"}]},{\"@type\":\"WebSite\",\"@id\":\"http:\/\/www.ecoquartier-strasbourg.fr\/#website\",\"url\":\"http:\/\/www.ecoquartier-strasbourg.fr\/\",\"name\":\"Eco-quartier Strasbourg\",\"description\":\"association citoyenne pour un mode de vie durable et \u00e9conome en ressources\",\"publisher\":{\"@id\":\"http:\/\/www.ecoquartier-strasbourg.fr\/#organization\"},\"potentialAction\":[{\"@type\":\"SearchAction\",\"target\":{\"@type\":\"EntryPoint\",\"urlTemplate\":\"http:\/\/www.ecoquartier-strasbourg.fr\/?s={search_term_string}\"},\"query-input\":\"required name=search_term_string\"}],\"inLanguage\":\"fr-FR\"},{\"@type\":\"Organization\",\"@id\":\"http:\/\/www.ecoquartier-strasbourg.fr\/#organization\",\"name\":\"Eco-Quartier Strasbourg\",\"url\":\"http:\/\/www.ecoquartier-strasbourg.fr\/\",\"logo\":{\"@type\":\"ImageObject\",\"inLanguage\":\"fr-FR\",\"@id\":\"http:\/\/www.ecoquartier-strasbourg.fr\/#\/schema\/logo\/image\/\",\"url\":\"https:\/\/www.ecoquartier-strasbourg.fr\/wp-content\/uploads\/2017\/06\/ROND-LOGO-EQS.png\",\"contentUrl\":\"https:\/\/www.ecoquartier-strasbourg.fr\/wp-content\/uploads\/2017\/06\/ROND-LOGO-EQS.png\",\"width\":284,\"height\":283,\"caption\":\"Eco-Quartier Strasbourg\"},\"image\":{\"@id\":\"http:\/\/www.ecoquartier-strasbourg.fr\/#\/schema\/logo\/image\/\"},\"sameAs\":[\"https:\/\/www.facebook.com\/ecoquartierstras\/\",\"https:\/\/www.youtube.com\/channel\/UCiBoGfYTElpjX9ESJJPeY3g\/playlists\"]}]}<\/script>\n<!-- \/ Yoast SEO plugin. -->","yoast_head_json":{"title":"Commande de nos publications I Eco-Quartier Strasbourg","description":"Formulaire de commande du Guide de l'Autopromotion, du guide pratique de gestion de mani\u00e8re durable et collective les copropri\u00e9t\u00e9s ou du DVD 1+1=3, publications de l'association Eco-Quartier Strasbourg.","robots":{"index":"index","follow":"follow","max-snippet":"max-snippet:-1","max-image-preview":"max-image-preview:large","max-video-preview":"max-video-preview:-1"},"canonical":"https:\/\/www.ecoquartier-strasbourg.fr\/index.php\/commande-publications\/","og_locale":"fr_FR","og_type":"article","og_title":"Commande de nos publications I Eco-Quartier Strasbourg","og_description":"Formulaire de commande du Guide de l'Autopromotion, du guide pratique de gestion de mani\u00e8re durable et collective les copropri\u00e9t\u00e9s ou du DVD 1+1=3, publications de l'association Eco-Quartier Strasbourg.","og_url":"https:\/\/www.ecoquartier-strasbourg.fr\/index.php\/commande-publications\/","og_site_name":"Eco-quartier Strasbourg","article_publisher":"https:\/\/www.facebook.com\/ecoquartierstras\/","article_modified_time":"2018-02-13T15:04:41+00:00","twitter_card":"summary_large_image","schema":{"@context":"https:\/\/schema.org","@graph":[{"@type":"WebPage","@id":"https:\/\/www.ecoquartier-strasbourg.fr\/index.php\/commande-publications\/","url":"https:\/\/www.ecoquartier-strasbourg.fr\/index.php\/commande-publications\/","name":"Commande de nos publications I Eco-Quartier Strasbourg","isPartOf":{"@id":"http:\/\/www.ecoquartier-strasbourg.fr\/#website"},"datePublished":"2018-01-30T15:01:30+00:00","dateModified":"2018-02-13T15:04:41+00:00","description":"Formulaire de commande du Guide de l'Autopromotion, du guide pratique de gestion de mani\u00e8re durable et collective les copropri\u00e9t\u00e9s ou du DVD 1+1=3, publications de l'association Eco-Quartier Strasbourg.","breadcrumb":{"@id":"https:\/\/www.ecoquartier-strasbourg.fr\/index.php\/commande-publications\/#breadcrumb"},"inLanguage":"fr-FR","potentialAction":[{"@type":"ReadAction","target":["https:\/\/www.ecoquartier-strasbourg.fr\/index.php\/commande-publications\/"]}]},{"@type":"BreadcrumbList","@id":"https:\/\/www.ecoquartier-strasbourg.fr\/index.php\/commande-publications\/#breadcrumb","itemListElement":[{"@type":"ListItem","position":1,"name":"Accueil","item":"http:\/\/www.ecoquartier-strasbourg.fr\/"},{"@type":"ListItem","position":2,"name":"Commande de nos publications"}]},{"@type":"WebSite","@id":"http:\/\/www.ecoquartier-strasbourg.fr\/#website","url":"http:\/\/www.ecoquartier-strasbourg.fr\/","name":"Eco-quartier Strasbourg","description":"association citoyenne pour un mode de vie durable et \u00e9conome en ressources","publisher":{"@id":"http:\/\/www.ecoquartier-strasbourg.fr\/#organization"},"potentialAction":[{"@type":"SearchAction","target":{"@type":"EntryPoint","urlTemplate":"http:\/\/www.ecoquartier-strasbourg.fr\/?s={search_term_string}"},"query-input":"required name=search_term_string"}],"inLanguage":"fr-FR"},{"@type":"Organization","@id":"http:\/\/www.ecoquartier-strasbourg.fr\/#organization","name":"Eco-Quartier Strasbourg","url":"http:\/\/www.ecoquartier-strasbourg.fr\/","logo":{"@type":"ImageObject","inLanguage":"fr-FR","@id":"http:\/\/www.ecoquartier-strasbourg.fr\/#\/schema\/logo\/image\/","url":"https:\/\/www.ecoquartier-strasbourg.fr\/wp-content\/uploads\/2017\/06\/ROND-LOGO-EQS.png","contentUrl":"https:\/\/www.ecoquartier-strasbourg.fr\/wp-content\/uploads\/2017\/06\/ROND-LOGO-EQS.png","width":284,"height":283,"caption":"Eco-Quartier Strasbourg"},"image":{"@id":"http:\/\/www.ecoquartier-strasbourg.fr\/#\/schema\/logo\/image\/"},"sameAs":["https:\/\/www.facebook.com\/ecoquartierstras\/","https:\/\/www.youtube.com\/channel\/UCiBoGfYTElpjX9ESJJPeY3g\/playlists"]}]}},"_links":{"self":[{"href":"https:\/\/www.ecoquartier-strasbourg.fr\/index.php\/wp-json\/wp\/v2\/pages\/803"}],"collection":[{"href":"https:\/\/www.ecoquartier-strasbourg.fr\/index.php\/wp-json\/wp\/v2\/pages"}],"about":[{"href":"https:\/\/www.ecoquartier-strasbourg.fr\/index.php\/wp-json\/wp\/v2\/types\/page"}],"author":[{"embeddable":true,"href":"https:\/\/www.ecoquartier-strasbourg.fr\/index.php\/wp-json\/wp\/v2\/users\/1"}],"replies":[{"embeddable":true,"href":"https:\/\/www.ecoquartier-strasbourg.fr\/index.php\/wp-json\/wp\/v2\/comments?post=803"}],"version-history":[{"count":3,"href":"https:\/\/www.ecoquartier-strasbourg.fr\/index.php\/wp-json\/wp\/v2\/pages\/803\/revisions"}],"predecessor-version":[{"id":812,"href":"https:\/\/www.ecoquartier-strasbourg.fr\/index.php\/wp-json\/wp\/v2\/pages\/803\/revisions\/812"}],"wp:attachment":[{"href":"https:\/\/www.ecoquartier-strasbourg.fr\/index.php\/wp-json\/wp\/v2\/media?parent=803"}],"curies":[{"name":"wp","href":"https:\/\/api.w.org\/{rel}","templated":true}]}}