{"id":709,"date":"2018-01-10T15:29:22","date_gmt":"2018-01-10T14:29:22","guid":{"rendered":"http:\/\/www.ecoquartier-strasbourg.fr\/?page_id=709"},"modified":"2018-01-10T15:47:35","modified_gmt":"2018-01-10T14:47:35","slug":"notre-charte-de-cooperation","status":"publish","type":"page","link":"https:\/\/www.ecoquartier-strasbourg.fr\/index.php\/notre-charte-de-cooperation\/","title":{"rendered":"Notre charte de coop\u00e9ration"},"content":{"rendered":"<div class=\"mpl-content-wrap\"><h1>Notre charte de coop\u00e9ration<\/h1>\n<h2>Un principe d&rsquo;action, pour soutenir des relations d\u2019apprentissage mutuel<\/h2>\n<p>Les relations, au sein de l&rsquo;association et \u00e9galement avec ses partenaires, reposent sur l&rsquo;importance du chemin emprunt\u00e9 plut\u00f4t que de la destination finale.<\/p>\n<h2>L\u2019autonomisation des individus et des collectifs comme \u00ab\u00a0garde fou\u00a0\u00bb<\/h2>\n<p>Nous sommes ouverts \u00e0 tous types de projet, \u00e0 condition qu&rsquo;ils soient d&rsquo;approche ascendante (dites buttom up, de la base) et\/ou qu&rsquo;ils favorisent l&rsquo;autonomisation des individus et des collectifs. Nous ancrons notre d\u00e9marche dans la coop\u00e9ration entre les parties prenantes et stimulons les dynamiques d&rsquo;apprentissage mutuel.<\/p>\n<h2>Les deux r\u00f4les moteurs d&rsquo;EQS : incubateur et accompagnateur<\/h2>\n<p>EQS s\u2019affirme \u00e0 la fois comme une structure de veille, de d\u00e9frichage et d\u2019incubation ainsi que d&rsquo;accompagnement des porteurs de projets. Selon la situation existante, EQS joue un r\u00f4le de cadre temporaire pour aider des potentiels porteurs de projets \u00e0 passer \u00e0 l\u2019action ou un r\u00f4le d&rsquo;accompagnateur des collectifs ou structures en recherche d&rsquo;une plus grande autonomie.<\/p>\n<h2>D\u00e9velopper et valoriser des savoirs faire<\/h2>\n<p>Eco-Quartier Strasbourg g\u00e9n\u00e8re des savoir-faire par la cr\u00e9ation de liens avec d\u2019autres associations et par le d\u00e9veloppement et le partage de d\u00e9marches exp\u00e9rimentales.<\/p>\n<h2>Valeurs d\u2019engagement et d\u2019investissement<\/h2>\n<p>Eco-Quartier Strasbourg milite en faveur d&rsquo;une <b>transition \u00e9cologique et citoyenne par l\u2019innovation sociale<\/b>, notamment \u00e0 l\u2019aide de <b>d\u00e9marches participatives<\/b>, pour g\u00e9n\u00e9rer un mieux vivre ensemble, de meilleurs modes de faire et mani\u00e8res d&rsquo;\u00eatre.<\/p>\n<h2>Du \u00ab participatif \u00bb comme valeur d\u2019\u00eatre et d\u2019action<\/h2>\n<p>La vocation d\u2019EQS est de travailler <b>pour<\/b> et <b>avec<\/b> les habitants.<\/p>\n<p>Notre premi\u00e8re conviction est que favoriser la participation des habitants \u00e0 la vie de la cit\u00e9 repose <b>sur 3 piliers<\/b> : une intention claire sur le niveau de participation attendue, une posture qui favorise l\u2019engagement personnel et vise \u00e0 atteindre un but commun et enfin des m\u00e9thodes op\u00e9rationnelles mettant les habitants au coeur des projets.<\/p>\n<h2>Favoriser la participation gr\u00e2ce \u00e0 l\u2019adaptation et la transversalit\u00e9<\/h2>\n<p>Notre deuxi\u00e8me conviction est que <strong>l&rsquo;\u00e9coute des besoins et des doutes des b\u00e9n\u00e9voles<\/strong>, et des b\u00e9n\u00e9ficiaires de nos actions, <b>encourage la transition int\u00e9rieure <\/b>et am\u00e8ne \u00e0 <b>une adaptation continue<\/b> (un l\u00e2cher prise parfois), source de qualit\u00e9, de progression et de plaisir.<\/p>\n<\/div>","protected":false},"excerpt":{"rendered":"<p>Notre charte de coop\u00e9ration Un principe d&rsquo;action, pour soutenir des relations d\u2019apprentissage mutuel Les relations, au sein de l&rsquo;association et \u00e9galement avec ses partenaires, reposent sur l&rsquo;importance du chemin emprunt\u00e9 plut\u00f4t que de la destination finale. L\u2019autonomisation des individus et des collectifs comme \u00ab\u00a0garde fou\u00a0\u00bb Nous sommes ouverts \u00e0 tous\u2026<\/p>\n<p> <a class=\"continue-reading-link\" href=\"https:\/\/www.ecoquartier-strasbourg.fr\/index.php\/notre-charte-de-cooperation\/\"><span>Lire la suite<\/span><i class=\"crycon-right-dir\"><\/i><\/a> <\/p>\n","protected":false},"author":1,"featured_media":0,"parent":0,"menu_order":0,"comment_status":"closed","ping_status":"closed","template":"","meta":{"footnotes":""},"yoast_head":"<!-- This site is optimized with the Yoast SEO plugin v22.6 - https:\/\/yoast.com\/wordpress\/plugins\/seo\/ -->\n<title>Notre charte de coop\u00e9ration - Eco-quartier Strasbourg<\/title>\n<meta name=\"robots\" content=\"index, follow, max-snippet:-1, max-image-preview:large, max-video-preview:-1\" \/>\n<link rel=\"canonical\" href=\"https:\/\/www.ecoquartier-strasbourg.fr\/index.php\/notre-charte-de-cooperation\/\" \/>\n<meta property=\"og:locale\" content=\"fr_FR\" \/>\n<meta property=\"og:type\" content=\"article\" \/>\n<meta property=\"og:title\" content=\"Notre charte de coop\u00e9ration - Eco-quartier Strasbourg\" \/>\n<meta property=\"og:description\" content=\"Notre charte de coop\u00e9ration Un principe d&rsquo;action, pour soutenir des relations d\u2019apprentissage mutuel Les relations, au sein de l&rsquo;association et \u00e9galement avec ses partenaires, reposent sur l&rsquo;importance du chemin emprunt\u00e9 plut\u00f4t que de la destination finale. L\u2019autonomisation des individus et des collectifs comme \u00ab\u00a0garde fou\u00a0\u00bb Nous sommes ouverts \u00e0 tous\u2026 Lire la suite\" \/>\n<meta property=\"og:url\" content=\"https:\/\/www.ecoquartier-strasbourg.fr\/index.php\/notre-charte-de-cooperation\/\" \/>\n<meta property=\"og:site_name\" content=\"Eco-quartier Strasbourg\" \/>\n<meta property=\"article:publisher\" content=\"https:\/\/www.facebook.com\/ecoquartierstras\/\" \/>\n<meta property=\"article:modified_time\" content=\"2018-01-10T14:47:35+00:00\" \/>\n<meta name=\"twitter:card\" content=\"summary_large_image\" \/>\n<meta name=\"twitter:label1\" content=\"Dur\u00e9e de lecture estim\u00e9e\" \/>\n\t<meta name=\"twitter:data1\" content=\"2 minutes\" \/>\n<script type=\"application\/ld+json\" class=\"yoast-schema-graph\">{\"@context\":\"https:\/\/schema.org\",\"@graph\":[{\"@type\":\"WebPage\",\"@id\":\"https:\/\/www.ecoquartier-strasbourg.fr\/index.php\/notre-charte-de-cooperation\/\",\"url\":\"https:\/\/www.ecoquartier-strasbourg.fr\/index.php\/notre-charte-de-cooperation\/\",\"name\":\"Notre charte de coop\u00e9ration - Eco-quartier Strasbourg\",\"isPartOf\":{\"@id\":\"http:\/\/www.ecoquartier-strasbourg.fr\/#website\"},\"datePublished\":\"2018-01-10T14:29:22+00:00\",\"dateModified\":\"2018-01-10T14:47:35+00:00\",\"breadcrumb\":{\"@id\":\"https:\/\/www.ecoquartier-strasbourg.fr\/index.php\/notre-charte-de-cooperation\/#breadcrumb\"},\"inLanguage\":\"fr-FR\",\"potentialAction\":[{\"@type\":\"ReadAction\",\"target\":[\"https:\/\/www.ecoquartier-strasbourg.fr\/index.php\/notre-charte-de-cooperation\/\"]}]},{\"@type\":\"BreadcrumbList\",\"@id\":\"https:\/\/www.ecoquartier-strasbourg.fr\/index.php\/notre-charte-de-cooperation\/#breadcrumb\",\"itemListElement\":[{\"@type\":\"ListItem\",\"position\":1,\"name\":\"Accueil\",\"item\":\"http:\/\/www.ecoquartier-strasbourg.fr\/\"},{\"@type\":\"ListItem\",\"position\":2,\"name\":\"Notre charte de coop\u00e9ration\"}]},{\"@type\":\"WebSite\",\"@id\":\"http:\/\/www.ecoquartier-strasbourg.fr\/#website\",\"url\":\"http:\/\/www.ecoquartier-strasbourg.fr\/\",\"name\":\"Eco-quartier Strasbourg\",\"description\":\"association citoyenne pour un mode de vie durable et \u00e9conome en ressources\",\"publisher\":{\"@id\":\"http:\/\/www.ecoquartier-strasbourg.fr\/#organization\"},\"potentialAction\":[{\"@type\":\"SearchAction\",\"target\":{\"@type\":\"EntryPoint\",\"urlTemplate\":\"http:\/\/www.ecoquartier-strasbourg.fr\/?s={search_term_string}\"},\"query-input\":\"required name=search_term_string\"}],\"inLanguage\":\"fr-FR\"},{\"@type\":\"Organization\",\"@id\":\"http:\/\/www.ecoquartier-strasbourg.fr\/#organization\",\"name\":\"Eco-Quartier Strasbourg\",\"url\":\"http:\/\/www.ecoquartier-strasbourg.fr\/\",\"logo\":{\"@type\":\"ImageObject\",\"inLanguage\":\"fr-FR\",\"@id\":\"http:\/\/www.ecoquartier-strasbourg.fr\/#\/schema\/logo\/image\/\",\"url\":\"https:\/\/www.ecoquartier-strasbourg.fr\/wp-content\/uploads\/2017\/06\/ROND-LOGO-EQS.png\",\"contentUrl\":\"https:\/\/www.ecoquartier-strasbourg.fr\/wp-content\/uploads\/2017\/06\/ROND-LOGO-EQS.png\",\"width\":284,\"height\":283,\"caption\":\"Eco-Quartier Strasbourg\"},\"image\":{\"@id\":\"http:\/\/www.ecoquartier-strasbourg.fr\/#\/schema\/logo\/image\/\"},\"sameAs\":[\"https:\/\/www.facebook.com\/ecoquartierstras\/\",\"https:\/\/www.youtube.com\/channel\/UCiBoGfYTElpjX9ESJJPeY3g\/playlists\"]}]}<\/script>\n<!-- \/ Yoast SEO plugin. -->","yoast_head_json":{"title":"Notre charte de coop\u00e9ration - Eco-quartier Strasbourg","robots":{"index":"index","follow":"follow","max-snippet":"max-snippet:-1","max-image-preview":"max-image-preview:large","max-video-preview":"max-video-preview:-1"},"canonical":"https:\/\/www.ecoquartier-strasbourg.fr\/index.php\/notre-charte-de-cooperation\/","og_locale":"fr_FR","og_type":"article","og_title":"Notre charte de coop\u00e9ration - Eco-quartier Strasbourg","og_description":"Notre charte de coop\u00e9ration Un principe d&rsquo;action, pour soutenir des relations d\u2019apprentissage mutuel Les relations, au sein de l&rsquo;association et \u00e9galement avec ses partenaires, reposent sur l&rsquo;importance du chemin emprunt\u00e9 plut\u00f4t que de la destination finale. L\u2019autonomisation des individus et des collectifs comme \u00ab\u00a0garde fou\u00a0\u00bb Nous sommes ouverts \u00e0 tous\u2026 Lire la suite","og_url":"https:\/\/www.ecoquartier-strasbourg.fr\/index.php\/notre-charte-de-cooperation\/","og_site_name":"Eco-quartier Strasbourg","article_publisher":"https:\/\/www.facebook.com\/ecoquartierstras\/","article_modified_time":"2018-01-10T14:47:35+00:00","twitter_card":"summary_large_image","twitter_misc":{"Dur\u00e9e de lecture estim\u00e9e":"2 minutes"},"schema":{"@context":"https:\/\/schema.org","@graph":[{"@type":"WebPage","@id":"https:\/\/www.ecoquartier-strasbourg.fr\/index.php\/notre-charte-de-cooperation\/","url":"https:\/\/www.ecoquartier-strasbourg.fr\/index.php\/notre-charte-de-cooperation\/","name":"Notre charte de coop\u00e9ration - Eco-quartier Strasbourg","isPartOf":{"@id":"http:\/\/www.ecoquartier-strasbourg.fr\/#website"},"datePublished":"2018-01-10T14:29:22+00:00","dateModified":"2018-01-10T14:47:35+00:00","breadcrumb":{"@id":"https:\/\/www.ecoquartier-strasbourg.fr\/index.php\/notre-charte-de-cooperation\/#breadcrumb"},"inLanguage":"fr-FR","potentialAction":[{"@type":"ReadAction","target":["https:\/\/www.ecoquartier-strasbourg.fr\/index.php\/notre-charte-de-cooperation\/"]}]},{"@type":"BreadcrumbList","@id":"https:\/\/www.ecoquartier-strasbourg.fr\/index.php\/notre-charte-de-cooperation\/#breadcrumb","itemListElement":[{"@type":"ListItem","position":1,"name":"Accueil","item":"http:\/\/www.ecoquartier-strasbourg.fr\/"},{"@type":"ListItem","position":2,"name":"Notre charte de coop\u00e9ration"}]},{"@type":"WebSite","@id":"http:\/\/www.ecoquartier-strasbourg.fr\/#website","url":"http:\/\/www.ecoquartier-strasbourg.fr\/","name":"Eco-quartier Strasbourg","description":"association citoyenne pour un mode de vie durable et \u00e9conome en ressources","publisher":{"@id":"http:\/\/www.ecoquartier-strasbourg.fr\/#organization"},"potentialAction":[{"@type":"SearchAction","target":{"@type":"EntryPoint","urlTemplate":"http:\/\/www.ecoquartier-strasbourg.fr\/?s={search_term_string}"},"query-input":"required name=search_term_string"}],"inLanguage":"fr-FR"},{"@type":"Organization","@id":"http:\/\/www.ecoquartier-strasbourg.fr\/#organization","name":"Eco-Quartier Strasbourg","url":"http:\/\/www.ecoquartier-strasbourg.fr\/","logo":{"@type":"ImageObject","inLanguage":"fr-FR","@id":"http:\/\/www.ecoquartier-strasbourg.fr\/#\/schema\/logo\/image\/","url":"https:\/\/www.ecoquartier-strasbourg.fr\/wp-content\/uploads\/2017\/06\/ROND-LOGO-EQS.png","contentUrl":"https:\/\/www.ecoquartier-strasbourg.fr\/wp-content\/uploads\/2017\/06\/ROND-LOGO-EQS.png","width":284,"height":283,"caption":"Eco-Quartier Strasbourg"},"image":{"@id":"http:\/\/www.ecoquartier-strasbourg.fr\/#\/schema\/logo\/image\/"},"sameAs":["https:\/\/www.facebook.com\/ecoquartierstras\/","https:\/\/www.youtube.com\/channel\/UCiBoGfYTElpjX9ESJJPeY3g\/playlists"]}]}},"_links":{"self":[{"href":"https:\/\/www.ecoquartier-strasbourg.fr\/index.php\/wp-json\/wp\/v2\/pages\/709"}],"collection":[{"href":"https:\/\/www.ecoquartier-strasbourg.fr\/index.php\/wp-json\/wp\/v2\/pages"}],"about":[{"href":"https:\/\/www.ecoquartier-strasbourg.fr\/index.php\/wp-json\/wp\/v2\/types\/page"}],"author":[{"embeddable":true,"href":"https:\/\/www.ecoquartier-strasbourg.fr\/index.php\/wp-json\/wp\/v2\/users\/1"}],"replies":[{"embeddable":true,"href":"https:\/\/www.ecoquartier-strasbourg.fr\/index.php\/wp-json\/wp\/v2\/comments?post=709"}],"version-history":[{"count":3,"href":"https:\/\/www.ecoquartier-strasbourg.fr\/index.php\/wp-json\/wp\/v2\/pages\/709\/revisions"}],"predecessor-version":[{"id":718,"href":"https:\/\/www.ecoquartier-strasbourg.fr\/index.php\/wp-json\/wp\/v2\/pages\/709\/revisions\/718"}],"wp:attachment":[{"href":"https:\/\/www.ecoquartier-strasbourg.fr\/index.php\/wp-json\/wp\/v2\/media?parent=709"}],"curies":[{"name":"wp","href":"https:\/\/api.w.org\/{rel}","templated":true}]}}