{"id":45,"date":"2017-06-20T11:23:20","date_gmt":"2017-06-20T09:23:20","guid":{"rendered":"http:\/\/www.ecoquartier-strasbourg.fr\/?page_id=45"},"modified":"2023-02-10T13:13:37","modified_gmt":"2023-02-10T12:13:37","slug":"lequipe","status":"publish","type":"page","link":"https:\/\/www.ecoquartier-strasbourg.fr\/index.php\/lequipe\/","title":{"rendered":"L&rsquo;\u00e9quipe op\u00e9rationnelle"},"content":{"rendered":"<div class=\"mpl-content-wrap\"><p><img decoding=\"async\" loading=\"lazy\" class=\"alignleft wp-image-77\" src=\"http:\/\/www.ecoquartier-strasbourg.fr\/wp-content\/uploads\/2017\/06\/b6474647-7734-4da1-80f6-9d397aa2909c-200x300.jpg\" alt=\"\" width=\"100\" height=\"150\" srcset=\"https:\/\/www.ecoquartier-strasbourg.fr\/wp-content\/uploads\/2017\/06\/b6474647-7734-4da1-80f6-9d397aa2909c-200x300.jpg 200w, https:\/\/www.ecoquartier-strasbourg.fr\/wp-content\/uploads\/2017\/06\/b6474647-7734-4da1-80f6-9d397aa2909c-768x1152.jpg 768w, https:\/\/www.ecoquartier-strasbourg.fr\/wp-content\/uploads\/2017\/06\/b6474647-7734-4da1-80f6-9d397aa2909c-682x1024.jpg 682w, https:\/\/www.ecoquartier-strasbourg.fr\/wp-content\/uploads\/2017\/06\/b6474647-7734-4da1-80f6-9d397aa2909c-100x150.jpg 100w, https:\/\/www.ecoquartier-strasbourg.fr\/wp-content\/uploads\/2017\/06\/b6474647-7734-4da1-80f6-9d397aa2909c.jpg 769w\" sizes=\"(max-width: 100px) 100vw, 100px\" \/><\/p>\n<p><strong>Emmanuel Marx<\/strong>, Directeur,<br \/>\n\u00ab\u00a0Urbaniste de formation, mon exp\u00e9rience de 8 ans au sein de bailleurs sociaux m\u2019a laiss\u00e9 entrevoir le potentiel non-exploit\u00e9 qui pourrait aider \u00e0 am\u00e9liorer le vivre-ensemble au sein de nos immeubles et de nos villes.<br \/>\nCe potentiel, c\u2019est l\u2019humain : \u00e0 travers nos capacit\u00e9s d\u2019\u00e9coute, de compr\u00e9hension, d\u2019empathie, de coop\u00e9ration\u2026 trop souvent oubli\u00e9es, rarement stimul\u00e9es.<br \/>\nPour r\u00e9v\u00e9ler ce potentiel, il faut un agitateur et un facilitateur. C\u2019est cette fonction de r\u00e9v\u00e9lateur que je souhaite endosser. Car NOUS sommes la cause ET la solution aux enjeux auxquels nous devons faire face aujourd\u2019hui.\u00a0\u00bb<\/p>\n<\/div>","protected":false},"excerpt":{"rendered":"<p>Emmanuel Marx, Directeur, \u00ab\u00a0Urbaniste de formation, mon exp\u00e9rience de 8 ans au sein de bailleurs sociaux m\u2019a laiss\u00e9 entrevoir le potentiel non-exploit\u00e9 qui pourrait aider \u00e0 am\u00e9liorer le vivre-ensemble au sein de nos immeubles et de nos villes. Ce potentiel, c\u2019est l\u2019humain : \u00e0 travers nos capacit\u00e9s d\u2019\u00e9coute, de compr\u00e9hension,\u2026<\/p>\n<p> <a class=\"continue-reading-link\" href=\"https:\/\/www.ecoquartier-strasbourg.fr\/index.php\/lequipe\/\"><span>Lire la suite<\/span><i class=\"crycon-right-dir\"><\/i><\/a> <\/p>\n","protected":false},"author":1,"featured_media":0,"parent":0,"menu_order":0,"comment_status":"closed","ping_status":"closed","template":"templates\/template-twocolumns-right.php","meta":{"footnotes":""},"yoast_head":"<!-- This site is optimized with the Yoast SEO plugin v22.6 - https:\/\/yoast.com\/wordpress\/plugins\/seo\/ -->\n<title>L&#039;\u00e9quipe op\u00e9rationnelle - Eco-quartier Strasbourg<\/title>\n<meta name=\"robots\" content=\"index, follow, max-snippet:-1, max-image-preview:large, max-video-preview:-1\" \/>\n<link rel=\"canonical\" href=\"https:\/\/www.ecoquartier-strasbourg.fr\/index.php\/lequipe\/\" \/>\n<meta property=\"og:locale\" content=\"fr_FR\" \/>\n<meta property=\"og:type\" content=\"article\" \/>\n<meta property=\"og:title\" content=\"L&#039;\u00e9quipe op\u00e9rationnelle - Eco-quartier Strasbourg\" \/>\n<meta property=\"og:description\" content=\"Emmanuel Marx, Directeur, \u00ab\u00a0Urbaniste de formation, mon exp\u00e9rience de 8 ans au sein de bailleurs sociaux m\u2019a laiss\u00e9 entrevoir le potentiel non-exploit\u00e9 qui pourrait aider \u00e0 am\u00e9liorer le vivre-ensemble au sein de nos immeubles et de nos villes. Ce potentiel, c\u2019est l\u2019humain : \u00e0 travers nos capacit\u00e9s d\u2019\u00e9coute, de compr\u00e9hension,\u2026 Lire la suite\" \/>\n<meta property=\"og:url\" content=\"https:\/\/www.ecoquartier-strasbourg.fr\/index.php\/lequipe\/\" \/>\n<meta property=\"og:site_name\" content=\"Eco-quartier Strasbourg\" \/>\n<meta property=\"article:publisher\" content=\"https:\/\/www.facebook.com\/ecoquartierstras\/\" \/>\n<meta property=\"article:modified_time\" content=\"2023-02-10T12:13:37+00:00\" \/>\n<meta property=\"og:image\" content=\"http:\/\/www.ecoquartier-strasbourg.fr\/wp-content\/uploads\/2017\/06\/b6474647-7734-4da1-80f6-9d397aa2909c-200x300.jpg\" \/>\n<meta name=\"twitter:card\" content=\"summary_large_image\" \/>\n<meta name=\"twitter:label1\" content=\"Dur\u00e9e de lecture estim\u00e9e\" \/>\n\t<meta name=\"twitter:data1\" content=\"1 minute\" \/>\n<script type=\"application\/ld+json\" class=\"yoast-schema-graph\">{\"@context\":\"https:\/\/schema.org\",\"@graph\":[{\"@type\":\"WebPage\",\"@id\":\"https:\/\/www.ecoquartier-strasbourg.fr\/index.php\/lequipe\/\",\"url\":\"https:\/\/www.ecoquartier-strasbourg.fr\/index.php\/lequipe\/\",\"name\":\"L'\u00e9quipe op\u00e9rationnelle - Eco-quartier Strasbourg\",\"isPartOf\":{\"@id\":\"http:\/\/www.ecoquartier-strasbourg.fr\/#website\"},\"primaryImageOfPage\":{\"@id\":\"https:\/\/www.ecoquartier-strasbourg.fr\/index.php\/lequipe\/#primaryimage\"},\"image\":{\"@id\":\"https:\/\/www.ecoquartier-strasbourg.fr\/index.php\/lequipe\/#primaryimage\"},\"thumbnailUrl\":\"http:\/\/www.ecoquartier-strasbourg.fr\/wp-content\/uploads\/2017\/06\/b6474647-7734-4da1-80f6-9d397aa2909c-200x300.jpg\",\"datePublished\":\"2017-06-20T09:23:20+00:00\",\"dateModified\":\"2023-02-10T12:13:37+00:00\",\"breadcrumb\":{\"@id\":\"https:\/\/www.ecoquartier-strasbourg.fr\/index.php\/lequipe\/#breadcrumb\"},\"inLanguage\":\"fr-FR\",\"potentialAction\":[{\"@type\":\"ReadAction\",\"target\":[\"https:\/\/www.ecoquartier-strasbourg.fr\/index.php\/lequipe\/\"]}]},{\"@type\":\"ImageObject\",\"inLanguage\":\"fr-FR\",\"@id\":\"https:\/\/www.ecoquartier-strasbourg.fr\/index.php\/lequipe\/#primaryimage\",\"url\":\"http:\/\/www.ecoquartier-strasbourg.fr\/wp-content\/uploads\/2017\/06\/b6474647-7734-4da1-80f6-9d397aa2909c-200x300.jpg\",\"contentUrl\":\"http:\/\/www.ecoquartier-strasbourg.fr\/wp-content\/uploads\/2017\/06\/b6474647-7734-4da1-80f6-9d397aa2909c-200x300.jpg\"},{\"@type\":\"BreadcrumbList\",\"@id\":\"https:\/\/www.ecoquartier-strasbourg.fr\/index.php\/lequipe\/#breadcrumb\",\"itemListElement\":[{\"@type\":\"ListItem\",\"position\":1,\"name\":\"Accueil\",\"item\":\"http:\/\/www.ecoquartier-strasbourg.fr\/\"},{\"@type\":\"ListItem\",\"position\":2,\"name\":\"L&rsquo;\u00e9quipe op\u00e9rationnelle\"}]},{\"@type\":\"WebSite\",\"@id\":\"http:\/\/www.ecoquartier-strasbourg.fr\/#website\",\"url\":\"http:\/\/www.ecoquartier-strasbourg.fr\/\",\"name\":\"Eco-quartier Strasbourg\",\"description\":\"association citoyenne pour un mode de vie durable et \u00e9conome en ressources\",\"publisher\":{\"@id\":\"http:\/\/www.ecoquartier-strasbourg.fr\/#organization\"},\"potentialAction\":[{\"@type\":\"SearchAction\",\"target\":{\"@type\":\"EntryPoint\",\"urlTemplate\":\"http:\/\/www.ecoquartier-strasbourg.fr\/?s={search_term_string}\"},\"query-input\":\"required name=search_term_string\"}],\"inLanguage\":\"fr-FR\"},{\"@type\":\"Organization\",\"@id\":\"http:\/\/www.ecoquartier-strasbourg.fr\/#organization\",\"name\":\"Eco-Quartier Strasbourg\",\"url\":\"http:\/\/www.ecoquartier-strasbourg.fr\/\",\"logo\":{\"@type\":\"ImageObject\",\"inLanguage\":\"fr-FR\",\"@id\":\"http:\/\/www.ecoquartier-strasbourg.fr\/#\/schema\/logo\/image\/\",\"url\":\"https:\/\/www.ecoquartier-strasbourg.fr\/wp-content\/uploads\/2017\/06\/ROND-LOGO-EQS.png\",\"contentUrl\":\"https:\/\/www.ecoquartier-strasbourg.fr\/wp-content\/uploads\/2017\/06\/ROND-LOGO-EQS.png\",\"width\":284,\"height\":283,\"caption\":\"Eco-Quartier Strasbourg\"},\"image\":{\"@id\":\"http:\/\/www.ecoquartier-strasbourg.fr\/#\/schema\/logo\/image\/\"},\"sameAs\":[\"https:\/\/www.facebook.com\/ecoquartierstras\/\",\"https:\/\/www.youtube.com\/channel\/UCiBoGfYTElpjX9ESJJPeY3g\/playlists\"]}]}<\/script>\n<!-- \/ Yoast SEO plugin. -->","yoast_head_json":{"title":"L'\u00e9quipe op\u00e9rationnelle - Eco-quartier Strasbourg","robots":{"index":"index","follow":"follow","max-snippet":"max-snippet:-1","max-image-preview":"max-image-preview:large","max-video-preview":"max-video-preview:-1"},"canonical":"https:\/\/www.ecoquartier-strasbourg.fr\/index.php\/lequipe\/","og_locale":"fr_FR","og_type":"article","og_title":"L'\u00e9quipe op\u00e9rationnelle - Eco-quartier Strasbourg","og_description":"Emmanuel Marx, Directeur, \u00ab\u00a0Urbaniste de formation, mon exp\u00e9rience de 8 ans au sein de bailleurs sociaux m\u2019a laiss\u00e9 entrevoir le potentiel non-exploit\u00e9 qui pourrait aider \u00e0 am\u00e9liorer le vivre-ensemble au sein de nos immeubles et de nos villes. Ce potentiel, c\u2019est l\u2019humain : \u00e0 travers nos capacit\u00e9s d\u2019\u00e9coute, de compr\u00e9hension,\u2026 Lire la suite","og_url":"https:\/\/www.ecoquartier-strasbourg.fr\/index.php\/lequipe\/","og_site_name":"Eco-quartier Strasbourg","article_publisher":"https:\/\/www.facebook.com\/ecoquartierstras\/","article_modified_time":"2023-02-10T12:13:37+00:00","og_image":[{"url":"http:\/\/www.ecoquartier-strasbourg.fr\/wp-content\/uploads\/2017\/06\/b6474647-7734-4da1-80f6-9d397aa2909c-200x300.jpg"}],"twitter_card":"summary_large_image","twitter_misc":{"Dur\u00e9e de lecture estim\u00e9e":"1 minute"},"schema":{"@context":"https:\/\/schema.org","@graph":[{"@type":"WebPage","@id":"https:\/\/www.ecoquartier-strasbourg.fr\/index.php\/lequipe\/","url":"https:\/\/www.ecoquartier-strasbourg.fr\/index.php\/lequipe\/","name":"L'\u00e9quipe op\u00e9rationnelle - Eco-quartier Strasbourg","isPartOf":{"@id":"http:\/\/www.ecoquartier-strasbourg.fr\/#website"},"primaryImageOfPage":{"@id":"https:\/\/www.ecoquartier-strasbourg.fr\/index.php\/lequipe\/#primaryimage"},"image":{"@id":"https:\/\/www.ecoquartier-strasbourg.fr\/index.php\/lequipe\/#primaryimage"},"thumbnailUrl":"http:\/\/www.ecoquartier-strasbourg.fr\/wp-content\/uploads\/2017\/06\/b6474647-7734-4da1-80f6-9d397aa2909c-200x300.jpg","datePublished":"2017-06-20T09:23:20+00:00","dateModified":"2023-02-10T12:13:37+00:00","breadcrumb":{"@id":"https:\/\/www.ecoquartier-strasbourg.fr\/index.php\/lequipe\/#breadcrumb"},"inLanguage":"fr-FR","potentialAction":[{"@type":"ReadAction","target":["https:\/\/www.ecoquartier-strasbourg.fr\/index.php\/lequipe\/"]}]},{"@type":"ImageObject","inLanguage":"fr-FR","@id":"https:\/\/www.ecoquartier-strasbourg.fr\/index.php\/lequipe\/#primaryimage","url":"http:\/\/www.ecoquartier-strasbourg.fr\/wp-content\/uploads\/2017\/06\/b6474647-7734-4da1-80f6-9d397aa2909c-200x300.jpg","contentUrl":"http:\/\/www.ecoquartier-strasbourg.fr\/wp-content\/uploads\/2017\/06\/b6474647-7734-4da1-80f6-9d397aa2909c-200x300.jpg"},{"@type":"BreadcrumbList","@id":"https:\/\/www.ecoquartier-strasbourg.fr\/index.php\/lequipe\/#breadcrumb","itemListElement":[{"@type":"ListItem","position":1,"name":"Accueil","item":"http:\/\/www.ecoquartier-strasbourg.fr\/"},{"@type":"ListItem","position":2,"name":"L&rsquo;\u00e9quipe op\u00e9rationnelle"}]},{"@type":"WebSite","@id":"http:\/\/www.ecoquartier-strasbourg.fr\/#website","url":"http:\/\/www.ecoquartier-strasbourg.fr\/","name":"Eco-quartier Strasbourg","description":"association citoyenne pour un mode de vie durable et \u00e9conome en ressources","publisher":{"@id":"http:\/\/www.ecoquartier-strasbourg.fr\/#organization"},"potentialAction":[{"@type":"SearchAction","target":{"@type":"EntryPoint","urlTemplate":"http:\/\/www.ecoquartier-strasbourg.fr\/?s={search_term_string}"},"query-input":"required name=search_term_string"}],"inLanguage":"fr-FR"},{"@type":"Organization","@id":"http:\/\/www.ecoquartier-strasbourg.fr\/#organization","name":"Eco-Quartier Strasbourg","url":"http:\/\/www.ecoquartier-strasbourg.fr\/","logo":{"@type":"ImageObject","inLanguage":"fr-FR","@id":"http:\/\/www.ecoquartier-strasbourg.fr\/#\/schema\/logo\/image\/","url":"https:\/\/www.ecoquartier-strasbourg.fr\/wp-content\/uploads\/2017\/06\/ROND-LOGO-EQS.png","contentUrl":"https:\/\/www.ecoquartier-strasbourg.fr\/wp-content\/uploads\/2017\/06\/ROND-LOGO-EQS.png","width":284,"height":283,"caption":"Eco-Quartier Strasbourg"},"image":{"@id":"http:\/\/www.ecoquartier-strasbourg.fr\/#\/schema\/logo\/image\/"},"sameAs":["https:\/\/www.facebook.com\/ecoquartierstras\/","https:\/\/www.youtube.com\/channel\/UCiBoGfYTElpjX9ESJJPeY3g\/playlists"]}]}},"_links":{"self":[{"href":"https:\/\/www.ecoquartier-strasbourg.fr\/index.php\/wp-json\/wp\/v2\/pages\/45"}],"collection":[{"href":"https:\/\/www.ecoquartier-strasbourg.fr\/index.php\/wp-json\/wp\/v2\/pages"}],"about":[{"href":"https:\/\/www.ecoquartier-strasbourg.fr\/index.php\/wp-json\/wp\/v2\/types\/page"}],"author":[{"embeddable":true,"href":"https:\/\/www.ecoquartier-strasbourg.fr\/index.php\/wp-json\/wp\/v2\/users\/1"}],"replies":[{"embeddable":true,"href":"https:\/\/www.ecoquartier-strasbourg.fr\/index.php\/wp-json\/wp\/v2\/comments?post=45"}],"version-history":[{"count":15,"href":"https:\/\/www.ecoquartier-strasbourg.fr\/index.php\/wp-json\/wp\/v2\/pages\/45\/revisions"}],"predecessor-version":[{"id":1174,"href":"https:\/\/www.ecoquartier-strasbourg.fr\/index.php\/wp-json\/wp\/v2\/pages\/45\/revisions\/1174"}],"wp:attachment":[{"href":"https:\/\/www.ecoquartier-strasbourg.fr\/index.php\/wp-json\/wp\/v2\/media?parent=45"}],"curies":[{"name":"wp","href":"https:\/\/api.w.org\/{rel}","templated":true}]}}