{"id":43,"date":"2017-06-20T11:23:20","date_gmt":"2017-06-20T09:23:20","guid":{"rendered":"http:\/\/www.ecoquartier-strasbourg.fr\/?page_id=43"},"modified":"2017-07-25T16:40:03","modified_gmt":"2017-07-25T14:40:03","slug":"liens","status":"publish","type":"page","link":"https:\/\/www.ecoquartier-strasbourg.fr\/index.php\/liens\/","title":{"rendered":"Liens"},"content":{"rendered":"<div class=\"mpl-content-wrap\"><p><strong>Nos partenaires <\/strong><br \/>\nL&rsquo;Eurom\u00e9tropole de Strasbourg www.strasbourg.eu<br \/>\nCoordin\u2019action des Associations de l\u2019Habitat Participatif www.habitatparticipatif.eu<\/p>\n<p>La monnaie locale compl\u00e9mentaire www.lestuck.eu<\/p>\n<p><strong>Nos inspirations <\/strong><br \/>\nL\u2019asbl Habitat et participation, fond\u00e9e en 1982, a pour objet de promouvoir les processus participatifs d\u00e9cisionnels interactifs supposant la mise en \u0153uvre d\u2019un dialogue et d\u2019un partenariat : https:\/\/www.habitat-participation.be<\/p>\n<\/div>","protected":false},"excerpt":{"rendered":"<p>Nos partenaires L&rsquo;Eurom\u00e9tropole de Strasbourg www.strasbourg.eu Coordin\u2019action des Associations de l\u2019Habitat Participatif www.habitatparticipatif.eu La monnaie locale compl\u00e9mentaire www.lestuck.eu Nos inspirations L\u2019asbl Habitat et participation, fond\u00e9e en 1982, a pour objet de promouvoir les processus participatifs d\u00e9cisionnels interactifs supposant la mise en \u0153uvre d\u2019un dialogue et d\u2019un partenariat : https:\/\/www.habitat-participation.be<\/p>\n<p> <a class=\"continue-reading-link\" href=\"https:\/\/www.ecoquartier-strasbourg.fr\/index.php\/liens\/\"><span>Lire la suite<\/span><i class=\"crycon-right-dir\"><\/i><\/a> <\/p>\n","protected":false},"author":1,"featured_media":0,"parent":0,"menu_order":0,"comment_status":"closed","ping_status":"closed","template":"","meta":{"footnotes":""},"yoast_head":"<!-- This site is optimized with the Yoast SEO plugin v22.6 - https:\/\/yoast.com\/wordpress\/plugins\/seo\/ -->\n<title>Liens - Eco-quartier Strasbourg<\/title>\n<meta name=\"robots\" content=\"index, follow, max-snippet:-1, max-image-preview:large, max-video-preview:-1\" \/>\n<link rel=\"canonical\" href=\"https:\/\/www.ecoquartier-strasbourg.fr\/index.php\/liens\/\" \/>\n<meta property=\"og:locale\" content=\"fr_FR\" \/>\n<meta property=\"og:type\" content=\"article\" \/>\n<meta property=\"og:title\" content=\"Liens - Eco-quartier Strasbourg\" \/>\n<meta property=\"og:description\" content=\"Nos partenaires L&rsquo;Eurom\u00e9tropole de Strasbourg www.strasbourg.eu Coordin\u2019action des Associations de l\u2019Habitat Participatif www.habitatparticipatif.eu La monnaie locale compl\u00e9mentaire www.lestuck.eu Nos inspirations L\u2019asbl Habitat et participation, fond\u00e9e en 1982, a pour objet de promouvoir les processus participatifs d\u00e9cisionnels interactifs supposant la mise en \u0153uvre d\u2019un dialogue et d\u2019un partenariat : https:\/\/www.habitat-participation.be Lire la suite\" \/>\n<meta property=\"og:url\" content=\"https:\/\/www.ecoquartier-strasbourg.fr\/index.php\/liens\/\" \/>\n<meta property=\"og:site_name\" content=\"Eco-quartier Strasbourg\" \/>\n<meta property=\"article:publisher\" content=\"https:\/\/www.facebook.com\/ecoquartierstras\/\" \/>\n<meta property=\"article:modified_time\" content=\"2017-07-25T14:40:03+00:00\" \/>\n<meta name=\"twitter:card\" content=\"summary_large_image\" \/>\n<script type=\"application\/ld+json\" class=\"yoast-schema-graph\">{\"@context\":\"https:\/\/schema.org\",\"@graph\":[{\"@type\":\"WebPage\",\"@id\":\"https:\/\/www.ecoquartier-strasbourg.fr\/index.php\/liens\/\",\"url\":\"https:\/\/www.ecoquartier-strasbourg.fr\/index.php\/liens\/\",\"name\":\"Liens - Eco-quartier Strasbourg\",\"isPartOf\":{\"@id\":\"http:\/\/www.ecoquartier-strasbourg.fr\/#website\"},\"datePublished\":\"2017-06-20T09:23:20+00:00\",\"dateModified\":\"2017-07-25T14:40:03+00:00\",\"breadcrumb\":{\"@id\":\"https:\/\/www.ecoquartier-strasbourg.fr\/index.php\/liens\/#breadcrumb\"},\"inLanguage\":\"fr-FR\",\"potentialAction\":[{\"@type\":\"ReadAction\",\"target\":[\"https:\/\/www.ecoquartier-strasbourg.fr\/index.php\/liens\/\"]}]},{\"@type\":\"BreadcrumbList\",\"@id\":\"https:\/\/www.ecoquartier-strasbourg.fr\/index.php\/liens\/#breadcrumb\",\"itemListElement\":[{\"@type\":\"ListItem\",\"position\":1,\"name\":\"Accueil\",\"item\":\"http:\/\/www.ecoquartier-strasbourg.fr\/\"},{\"@type\":\"ListItem\",\"position\":2,\"name\":\"Liens\"}]},{\"@type\":\"WebSite\",\"@id\":\"http:\/\/www.ecoquartier-strasbourg.fr\/#website\",\"url\":\"http:\/\/www.ecoquartier-strasbourg.fr\/\",\"name\":\"Eco-quartier Strasbourg\",\"description\":\"association citoyenne pour un mode de vie durable et \u00e9conome en ressources\",\"publisher\":{\"@id\":\"http:\/\/www.ecoquartier-strasbourg.fr\/#organization\"},\"potentialAction\":[{\"@type\":\"SearchAction\",\"target\":{\"@type\":\"EntryPoint\",\"urlTemplate\":\"http:\/\/www.ecoquartier-strasbourg.fr\/?s={search_term_string}\"},\"query-input\":\"required name=search_term_string\"}],\"inLanguage\":\"fr-FR\"},{\"@type\":\"Organization\",\"@id\":\"http:\/\/www.ecoquartier-strasbourg.fr\/#organization\",\"name\":\"Eco-Quartier Strasbourg\",\"url\":\"http:\/\/www.ecoquartier-strasbourg.fr\/\",\"logo\":{\"@type\":\"ImageObject\",\"inLanguage\":\"fr-FR\",\"@id\":\"http:\/\/www.ecoquartier-strasbourg.fr\/#\/schema\/logo\/image\/\",\"url\":\"https:\/\/www.ecoquartier-strasbourg.fr\/wp-content\/uploads\/2017\/06\/ROND-LOGO-EQS.png\",\"contentUrl\":\"https:\/\/www.ecoquartier-strasbourg.fr\/wp-content\/uploads\/2017\/06\/ROND-LOGO-EQS.png\",\"width\":284,\"height\":283,\"caption\":\"Eco-Quartier Strasbourg\"},\"image\":{\"@id\":\"http:\/\/www.ecoquartier-strasbourg.fr\/#\/schema\/logo\/image\/\"},\"sameAs\":[\"https:\/\/www.facebook.com\/ecoquartierstras\/\",\"https:\/\/www.youtube.com\/channel\/UCiBoGfYTElpjX9ESJJPeY3g\/playlists\"]}]}<\/script>\n<!-- \/ Yoast SEO plugin. -->","yoast_head_json":{"title":"Liens - Eco-quartier Strasbourg","robots":{"index":"index","follow":"follow","max-snippet":"max-snippet:-1","max-image-preview":"max-image-preview:large","max-video-preview":"max-video-preview:-1"},"canonical":"https:\/\/www.ecoquartier-strasbourg.fr\/index.php\/liens\/","og_locale":"fr_FR","og_type":"article","og_title":"Liens - Eco-quartier Strasbourg","og_description":"Nos partenaires L&rsquo;Eurom\u00e9tropole de Strasbourg www.strasbourg.eu Coordin\u2019action des Associations de l\u2019Habitat Participatif www.habitatparticipatif.eu La monnaie locale compl\u00e9mentaire www.lestuck.eu Nos inspirations L\u2019asbl Habitat et participation, fond\u00e9e en 1982, a pour objet de promouvoir les processus participatifs d\u00e9cisionnels interactifs supposant la mise en \u0153uvre d\u2019un dialogue et d\u2019un partenariat : https:\/\/www.habitat-participation.be Lire la suite","og_url":"https:\/\/www.ecoquartier-strasbourg.fr\/index.php\/liens\/","og_site_name":"Eco-quartier Strasbourg","article_publisher":"https:\/\/www.facebook.com\/ecoquartierstras\/","article_modified_time":"2017-07-25T14:40:03+00:00","twitter_card":"summary_large_image","schema":{"@context":"https:\/\/schema.org","@graph":[{"@type":"WebPage","@id":"https:\/\/www.ecoquartier-strasbourg.fr\/index.php\/liens\/","url":"https:\/\/www.ecoquartier-strasbourg.fr\/index.php\/liens\/","name":"Liens - Eco-quartier Strasbourg","isPartOf":{"@id":"http:\/\/www.ecoquartier-strasbourg.fr\/#website"},"datePublished":"2017-06-20T09:23:20+00:00","dateModified":"2017-07-25T14:40:03+00:00","breadcrumb":{"@id":"https:\/\/www.ecoquartier-strasbourg.fr\/index.php\/liens\/#breadcrumb"},"inLanguage":"fr-FR","potentialAction":[{"@type":"ReadAction","target":["https:\/\/www.ecoquartier-strasbourg.fr\/index.php\/liens\/"]}]},{"@type":"BreadcrumbList","@id":"https:\/\/www.ecoquartier-strasbourg.fr\/index.php\/liens\/#breadcrumb","itemListElement":[{"@type":"ListItem","position":1,"name":"Accueil","item":"http:\/\/www.ecoquartier-strasbourg.fr\/"},{"@type":"ListItem","position":2,"name":"Liens"}]},{"@type":"WebSite","@id":"http:\/\/www.ecoquartier-strasbourg.fr\/#website","url":"http:\/\/www.ecoquartier-strasbourg.fr\/","name":"Eco-quartier Strasbourg","description":"association citoyenne pour un mode de vie durable et \u00e9conome en ressources","publisher":{"@id":"http:\/\/www.ecoquartier-strasbourg.fr\/#organization"},"potentialAction":[{"@type":"SearchAction","target":{"@type":"EntryPoint","urlTemplate":"http:\/\/www.ecoquartier-strasbourg.fr\/?s={search_term_string}"},"query-input":"required name=search_term_string"}],"inLanguage":"fr-FR"},{"@type":"Organization","@id":"http:\/\/www.ecoquartier-strasbourg.fr\/#organization","name":"Eco-Quartier Strasbourg","url":"http:\/\/www.ecoquartier-strasbourg.fr\/","logo":{"@type":"ImageObject","inLanguage":"fr-FR","@id":"http:\/\/www.ecoquartier-strasbourg.fr\/#\/schema\/logo\/image\/","url":"https:\/\/www.ecoquartier-strasbourg.fr\/wp-content\/uploads\/2017\/06\/ROND-LOGO-EQS.png","contentUrl":"https:\/\/www.ecoquartier-strasbourg.fr\/wp-content\/uploads\/2017\/06\/ROND-LOGO-EQS.png","width":284,"height":283,"caption":"Eco-Quartier Strasbourg"},"image":{"@id":"http:\/\/www.ecoquartier-strasbourg.fr\/#\/schema\/logo\/image\/"},"sameAs":["https:\/\/www.facebook.com\/ecoquartierstras\/","https:\/\/www.youtube.com\/channel\/UCiBoGfYTElpjX9ESJJPeY3g\/playlists"]}]}},"_links":{"self":[{"href":"https:\/\/www.ecoquartier-strasbourg.fr\/index.php\/wp-json\/wp\/v2\/pages\/43"}],"collection":[{"href":"https:\/\/www.ecoquartier-strasbourg.fr\/index.php\/wp-json\/wp\/v2\/pages"}],"about":[{"href":"https:\/\/www.ecoquartier-strasbourg.fr\/index.php\/wp-json\/wp\/v2\/types\/page"}],"author":[{"embeddable":true,"href":"https:\/\/www.ecoquartier-strasbourg.fr\/index.php\/wp-json\/wp\/v2\/users\/1"}],"replies":[{"embeddable":true,"href":"https:\/\/www.ecoquartier-strasbourg.fr\/index.php\/wp-json\/wp\/v2\/comments?post=43"}],"version-history":[{"count":4,"href":"https:\/\/www.ecoquartier-strasbourg.fr\/index.php\/wp-json\/wp\/v2\/pages\/43\/revisions"}],"predecessor-version":[{"id":96,"href":"https:\/\/www.ecoquartier-strasbourg.fr\/index.php\/wp-json\/wp\/v2\/pages\/43\/revisions\/96"}],"wp:attachment":[{"href":"https:\/\/www.ecoquartier-strasbourg.fr\/index.php\/wp-json\/wp\/v2\/media?parent=43"}],"curies":[{"name":"wp","href":"https:\/\/api.w.org\/{rel}","templated":true}]}}