{"id":23,"date":"2017-06-20T11:13:05","date_gmt":"2017-06-20T09:13:05","guid":{"rendered":"http:\/\/www.ecoquartier-strasbourg.fr\/?page_id=23"},"modified":"2018-02-08T12:20:48","modified_gmt":"2018-02-08T11:20:48","slug":"evenement","status":"publish","type":"page","link":"https:\/\/www.ecoquartier-strasbourg.fr\/index.php\/evenement\/","title":{"rendered":"Ev\u00e9nements"},"content":{"rendered":"<div class=\"mpl-content-wrap\"><\/div>","protected":false},"excerpt":{"rendered":"<p> <a class=\"continue-reading-link\" href=\"https:\/\/www.ecoquartier-strasbourg.fr\/index.php\/evenement\/\"><span>Lire la suite<\/span><i class=\"crycon-right-dir\"><\/i><\/a> <\/p>\n","protected":false},"author":1,"featured_media":19,"parent":0,"menu_order":0,"comment_status":"closed","ping_status":"closed","template":"templates\/template-blog.php","meta":{"footnotes":""},"yoast_head":"<!-- This site is optimized with the Yoast SEO plugin v22.6 - https:\/\/yoast.com\/wordpress\/plugins\/seo\/ -->\n<title>Ev\u00e9nements - Eco-quartier Strasbourg<\/title>\n<meta name=\"description\" content=\"STRASBOURG - Les prochains \u00e9v\u00e9nements, rencontres, stammtischs autour de l&#039;habitat participatif, des initiatives citoyennes, du mieux vivre-ensemble, de mani\u00e8re durable et \u00e9cologique !\" \/>\n<meta name=\"robots\" content=\"index, follow, max-snippet:-1, max-image-preview:large, max-video-preview:-1\" \/>\n<link rel=\"canonical\" href=\"https:\/\/www.ecoquartier-strasbourg.fr\/index.php\/evenement\/\" \/>\n<meta property=\"og:locale\" content=\"fr_FR\" \/>\n<meta property=\"og:type\" content=\"article\" \/>\n<meta property=\"og:title\" content=\"Ev\u00e9nements - Eco-quartier Strasbourg\" \/>\n<meta property=\"og:description\" content=\"STRASBOURG - Les prochains \u00e9v\u00e9nements, rencontres, stammtischs autour de l&#039;habitat participatif, des initiatives citoyennes, du mieux vivre-ensemble, de mani\u00e8re durable et \u00e9cologique !\" \/>\n<meta property=\"og:url\" content=\"https:\/\/www.ecoquartier-strasbourg.fr\/index.php\/evenement\/\" \/>\n<meta property=\"og:site_name\" content=\"Eco-quartier Strasbourg\" \/>\n<meta property=\"article:publisher\" content=\"https:\/\/www.facebook.com\/ecoquartierstras\/\" \/>\n<meta property=\"article:modified_time\" content=\"2018-02-08T11:20:48+00:00\" \/>\n<meta property=\"og:image\" content=\"https:\/\/www.ecoquartier-strasbourg.fr\/wp-content\/uploads\/2017\/06\/coffee-1.jpg\" \/>\n\t<meta property=\"og:image:width\" content=\"2000\" \/>\n\t<meta property=\"og:image:height\" content=\"1200\" \/>\n\t<meta property=\"og:image:type\" content=\"image\/jpeg\" \/>\n<meta name=\"twitter:card\" content=\"summary_large_image\" \/>\n<script type=\"application\/ld+json\" class=\"yoast-schema-graph\">{\"@context\":\"https:\/\/schema.org\",\"@graph\":[{\"@type\":\"WebPage\",\"@id\":\"https:\/\/www.ecoquartier-strasbourg.fr\/index.php\/evenement\/\",\"url\":\"https:\/\/www.ecoquartier-strasbourg.fr\/index.php\/evenement\/\",\"name\":\"Ev\u00e9nements - Eco-quartier Strasbourg\",\"isPartOf\":{\"@id\":\"http:\/\/www.ecoquartier-strasbourg.fr\/#website\"},\"primaryImageOfPage\":{\"@id\":\"https:\/\/www.ecoquartier-strasbourg.fr\/index.php\/evenement\/#primaryimage\"},\"image\":{\"@id\":\"https:\/\/www.ecoquartier-strasbourg.fr\/index.php\/evenement\/#primaryimage\"},\"thumbnailUrl\":\"https:\/\/www.ecoquartier-strasbourg.fr\/wp-content\/uploads\/2017\/06\/coffee-1.jpg\",\"datePublished\":\"2017-06-20T09:13:05+00:00\",\"dateModified\":\"2018-02-08T11:20:48+00:00\",\"description\":\"STRASBOURG - Les prochains \u00e9v\u00e9nements, rencontres, stammtischs autour de l'habitat participatif, des initiatives citoyennes, du mieux vivre-ensemble, de mani\u00e8re durable et \u00e9cologique !\",\"breadcrumb\":{\"@id\":\"https:\/\/www.ecoquartier-strasbourg.fr\/index.php\/evenement\/#breadcrumb\"},\"inLanguage\":\"fr-FR\",\"potentialAction\":[{\"@type\":\"ReadAction\",\"target\":[\"https:\/\/www.ecoquartier-strasbourg.fr\/index.php\/evenement\/\"]}]},{\"@type\":\"ImageObject\",\"inLanguage\":\"fr-FR\",\"@id\":\"https:\/\/www.ecoquartier-strasbourg.fr\/index.php\/evenement\/#primaryimage\",\"url\":\"https:\/\/www.ecoquartier-strasbourg.fr\/wp-content\/uploads\/2017\/06\/coffee-1.jpg\",\"contentUrl\":\"https:\/\/www.ecoquartier-strasbourg.fr\/wp-content\/uploads\/2017\/06\/coffee-1.jpg\",\"width\":2000,\"height\":1200},{\"@type\":\"BreadcrumbList\",\"@id\":\"https:\/\/www.ecoquartier-strasbourg.fr\/index.php\/evenement\/#breadcrumb\",\"itemListElement\":[{\"@type\":\"ListItem\",\"position\":1,\"name\":\"Accueil\",\"item\":\"http:\/\/www.ecoquartier-strasbourg.fr\/\"},{\"@type\":\"ListItem\",\"position\":2,\"name\":\"Ev\u00e9nements\"}]},{\"@type\":\"WebSite\",\"@id\":\"http:\/\/www.ecoquartier-strasbourg.fr\/#website\",\"url\":\"http:\/\/www.ecoquartier-strasbourg.fr\/\",\"name\":\"Eco-quartier Strasbourg\",\"description\":\"association citoyenne pour un mode de vie durable et \u00e9conome en ressources\",\"publisher\":{\"@id\":\"http:\/\/www.ecoquartier-strasbourg.fr\/#organization\"},\"potentialAction\":[{\"@type\":\"SearchAction\",\"target\":{\"@type\":\"EntryPoint\",\"urlTemplate\":\"http:\/\/www.ecoquartier-strasbourg.fr\/?s={search_term_string}\"},\"query-input\":\"required name=search_term_string\"}],\"inLanguage\":\"fr-FR\"},{\"@type\":\"Organization\",\"@id\":\"http:\/\/www.ecoquartier-strasbourg.fr\/#organization\",\"name\":\"Eco-Quartier Strasbourg\",\"url\":\"http:\/\/www.ecoquartier-strasbourg.fr\/\",\"logo\":{\"@type\":\"ImageObject\",\"inLanguage\":\"fr-FR\",\"@id\":\"http:\/\/www.ecoquartier-strasbourg.fr\/#\/schema\/logo\/image\/\",\"url\":\"https:\/\/www.ecoquartier-strasbourg.fr\/wp-content\/uploads\/2017\/06\/ROND-LOGO-EQS.png\",\"contentUrl\":\"https:\/\/www.ecoquartier-strasbourg.fr\/wp-content\/uploads\/2017\/06\/ROND-LOGO-EQS.png\",\"width\":284,\"height\":283,\"caption\":\"Eco-Quartier Strasbourg\"},\"image\":{\"@id\":\"http:\/\/www.ecoquartier-strasbourg.fr\/#\/schema\/logo\/image\/\"},\"sameAs\":[\"https:\/\/www.facebook.com\/ecoquartierstras\/\",\"https:\/\/www.youtube.com\/channel\/UCiBoGfYTElpjX9ESJJPeY3g\/playlists\"]}]}<\/script>\n<!-- \/ Yoast SEO plugin. -->","yoast_head_json":{"title":"Ev\u00e9nements - Eco-quartier Strasbourg","description":"STRASBOURG - Les prochains \u00e9v\u00e9nements, rencontres, stammtischs autour de l'habitat participatif, des initiatives citoyennes, du mieux vivre-ensemble, de mani\u00e8re durable et \u00e9cologique !","robots":{"index":"index","follow":"follow","max-snippet":"max-snippet:-1","max-image-preview":"max-image-preview:large","max-video-preview":"max-video-preview:-1"},"canonical":"https:\/\/www.ecoquartier-strasbourg.fr\/index.php\/evenement\/","og_locale":"fr_FR","og_type":"article","og_title":"Ev\u00e9nements - Eco-quartier Strasbourg","og_description":"STRASBOURG - Les prochains \u00e9v\u00e9nements, rencontres, stammtischs autour de l'habitat participatif, des initiatives citoyennes, du mieux vivre-ensemble, de mani\u00e8re durable et \u00e9cologique !","og_url":"https:\/\/www.ecoquartier-strasbourg.fr\/index.php\/evenement\/","og_site_name":"Eco-quartier Strasbourg","article_publisher":"https:\/\/www.facebook.com\/ecoquartierstras\/","article_modified_time":"2018-02-08T11:20:48+00:00","og_image":[{"width":2000,"height":1200,"url":"https:\/\/www.ecoquartier-strasbourg.fr\/wp-content\/uploads\/2017\/06\/coffee-1.jpg","type":"image\/jpeg"}],"twitter_card":"summary_large_image","schema":{"@context":"https:\/\/schema.org","@graph":[{"@type":"WebPage","@id":"https:\/\/www.ecoquartier-strasbourg.fr\/index.php\/evenement\/","url":"https:\/\/www.ecoquartier-strasbourg.fr\/index.php\/evenement\/","name":"Ev\u00e9nements - Eco-quartier Strasbourg","isPartOf":{"@id":"http:\/\/www.ecoquartier-strasbourg.fr\/#website"},"primaryImageOfPage":{"@id":"https:\/\/www.ecoquartier-strasbourg.fr\/index.php\/evenement\/#primaryimage"},"image":{"@id":"https:\/\/www.ecoquartier-strasbourg.fr\/index.php\/evenement\/#primaryimage"},"thumbnailUrl":"https:\/\/www.ecoquartier-strasbourg.fr\/wp-content\/uploads\/2017\/06\/coffee-1.jpg","datePublished":"2017-06-20T09:13:05+00:00","dateModified":"2018-02-08T11:20:48+00:00","description":"STRASBOURG - Les prochains \u00e9v\u00e9nements, rencontres, stammtischs autour de l'habitat participatif, des initiatives citoyennes, du mieux vivre-ensemble, de mani\u00e8re durable et \u00e9cologique !","breadcrumb":{"@id":"https:\/\/www.ecoquartier-strasbourg.fr\/index.php\/evenement\/#breadcrumb"},"inLanguage":"fr-FR","potentialAction":[{"@type":"ReadAction","target":["https:\/\/www.ecoquartier-strasbourg.fr\/index.php\/evenement\/"]}]},{"@type":"ImageObject","inLanguage":"fr-FR","@id":"https:\/\/www.ecoquartier-strasbourg.fr\/index.php\/evenement\/#primaryimage","url":"https:\/\/www.ecoquartier-strasbourg.fr\/wp-content\/uploads\/2017\/06\/coffee-1.jpg","contentUrl":"https:\/\/www.ecoquartier-strasbourg.fr\/wp-content\/uploads\/2017\/06\/coffee-1.jpg","width":2000,"height":1200},{"@type":"BreadcrumbList","@id":"https:\/\/www.ecoquartier-strasbourg.fr\/index.php\/evenement\/#breadcrumb","itemListElement":[{"@type":"ListItem","position":1,"name":"Accueil","item":"http:\/\/www.ecoquartier-strasbourg.fr\/"},{"@type":"ListItem","position":2,"name":"Ev\u00e9nements"}]},{"@type":"WebSite","@id":"http:\/\/www.ecoquartier-strasbourg.fr\/#website","url":"http:\/\/www.ecoquartier-strasbourg.fr\/","name":"Eco-quartier Strasbourg","description":"association citoyenne pour un mode de vie durable et \u00e9conome en ressources","publisher":{"@id":"http:\/\/www.ecoquartier-strasbourg.fr\/#organization"},"potentialAction":[{"@type":"SearchAction","target":{"@type":"EntryPoint","urlTemplate":"http:\/\/www.ecoquartier-strasbourg.fr\/?s={search_term_string}"},"query-input":"required name=search_term_string"}],"inLanguage":"fr-FR"},{"@type":"Organization","@id":"http:\/\/www.ecoquartier-strasbourg.fr\/#organization","name":"Eco-Quartier Strasbourg","url":"http:\/\/www.ecoquartier-strasbourg.fr\/","logo":{"@type":"ImageObject","inLanguage":"fr-FR","@id":"http:\/\/www.ecoquartier-strasbourg.fr\/#\/schema\/logo\/image\/","url":"https:\/\/www.ecoquartier-strasbourg.fr\/wp-content\/uploads\/2017\/06\/ROND-LOGO-EQS.png","contentUrl":"https:\/\/www.ecoquartier-strasbourg.fr\/wp-content\/uploads\/2017\/06\/ROND-LOGO-EQS.png","width":284,"height":283,"caption":"Eco-Quartier Strasbourg"},"image":{"@id":"http:\/\/www.ecoquartier-strasbourg.fr\/#\/schema\/logo\/image\/"},"sameAs":["https:\/\/www.facebook.com\/ecoquartierstras\/","https:\/\/www.youtube.com\/channel\/UCiBoGfYTElpjX9ESJJPeY3g\/playlists"]}]}},"_links":{"self":[{"href":"https:\/\/www.ecoquartier-strasbourg.fr\/index.php\/wp-json\/wp\/v2\/pages\/23"}],"collection":[{"href":"https:\/\/www.ecoquartier-strasbourg.fr\/index.php\/wp-json\/wp\/v2\/pages"}],"about":[{"href":"https:\/\/www.ecoquartier-strasbourg.fr\/index.php\/wp-json\/wp\/v2\/types\/page"}],"author":[{"embeddable":true,"href":"https:\/\/www.ecoquartier-strasbourg.fr\/index.php\/wp-json\/wp\/v2\/users\/1"}],"replies":[{"embeddable":true,"href":"https:\/\/www.ecoquartier-strasbourg.fr\/index.php\/wp-json\/wp\/v2\/comments?post=23"}],"version-history":[{"count":2,"href":"https:\/\/www.ecoquartier-strasbourg.fr\/index.php\/wp-json\/wp\/v2\/pages\/23\/revisions"}],"predecessor-version":[{"id":728,"href":"https:\/\/www.ecoquartier-strasbourg.fr\/index.php\/wp-json\/wp\/v2\/pages\/23\/revisions\/728"}],"wp:featuredmedia":[{"embeddable":true,"href":"https:\/\/www.ecoquartier-strasbourg.fr\/index.php\/wp-json\/wp\/v2\/media\/19"}],"wp:attachment":[{"href":"https:\/\/www.ecoquartier-strasbourg.fr\/index.php\/wp-json\/wp\/v2\/media?parent=23"}],"curies":[{"name":"wp","href":"https:\/\/api.w.org\/{rel}","templated":true}]}}