{"id":173,"date":"2017-06-21T10:43:57","date_gmt":"2017-06-21T08:43:57","guid":{"rendered":"http:\/\/www.ecoquartier-strasbourg.fr\/?page_id=173"},"modified":"2018-02-08T12:35:54","modified_gmt":"2018-02-08T11:35:54","slug":"territoires-en-transition","status":"publish","type":"page","link":"https:\/\/www.ecoquartier-strasbourg.fr\/index.php\/territoires-en-transition\/","title":{"rendered":"Copropri\u00e9t\u00e9s en transition"},"content":{"rendered":"<div class=\"mpl-content-wrap\"><h2>Guide pratique pour accompagner la transition<\/h2>\n<h3>\u00e0 para\u00eetre en mars 2018<\/h3>\n<p><img decoding=\"async\" loading=\"lazy\" class=\"wp-image-814 alignleft\" src=\"http:\/\/www.ecoquartier-strasbourg.fr\/wp-content\/uploads\/2018\/02\/Capture-d\u2019e\u0301cran-2018-02-08-a\u0300-11.38.54-210x300.png\" alt=\"\" width=\"241\" height=\"341\" \/><\/p>\n<p>Eco-Quartier Strasbourg publie son <strong>Guide pratique pour une gestion durable et participative des copropri\u00e9t\u00e9s.<\/strong><\/p>\n<p>Vous \u00eates curieux de savoir comment accompagner la transition \u00e9nerg\u00e9tique environnementale et citoyenne dans votre immeuble ? <strong>D\u00e9couvrez dans le guide comment des copropri\u00e9t\u00e9s s&rsquo;y sont prises pour monter des actions originales, d\u00e9velopper et g\u00e9n\u00e9rer de la coop\u00e9ration autour de leur projet.<\/strong><\/p>\n<p>Accompagner la r\u00e9novation \u00e9nerg\u00e9tique, transformer un local \u00e0 v\u00e9los, pr\u00e9server et conforter la biodiversit\u00e9, encourager le compostage en pied d\u2019immeuble, r\u00e9cup\u00e9rer et r\u00e9utiliser l&rsquo;eau de pluie, g\u00e9rer des espaces communs \u00e0 plusieurs, r\u00e9aliser l&rsquo;\u00e9tat des lieux partag\u00e9 de sa copropri\u00e9t\u00e9, d\u00e9velopper et g\u00e9n\u00e9rer de la coop\u00e9ration autour de son projet ou tout simplement favoriser le vivre-ensemble dans son immeuble, &#8230;<\/p>\n<p>Retrouvez dans le guide des t\u00e9moignages\u00a0des t\u00e9moignages d&rsquo;actions r\u00e9ussies, des ressources et des m\u00e9thodes \u00e0 exp\u00e9rimenter chez vous.<\/p>\n<p>En savoir plus sur le guide : dossier de pr\u00e9sentation<\/p>\n<p>Vous \u00eatres int\u00e9ress\u00e9s pour d\u00e9velopper de telles actions ou avez d\u00e9j\u00e0 mont\u00e9 des actions au sein de votre copropri\u00e9t\u00e9. N&rsquo;h\u00e9sitez pas \u00e0 nous contacter!<\/p>\n<h2>Copropri\u00e9taires : un programme \u00e0 votre service !<\/h2>\n<p>L\u2019Eurom\u00e9tropole Strasbourg a lanc\u00e9 en novembre 2014 un premier programme op\u00e9rationnel de pr\u00e9vention et d\u2019accompagnement des copropri\u00e9t\u00e9s (POPAC), cofinanc\u00e9 par l\u2019Agence nationale de l\u2019am\u00e9lioration de l\u2019habitat (ANAH). Son but est de\u00a0<b>pr\u00e9venir une gestion d\u00e9faillante et une d\u00e9qualification du bien immobilier.<\/b><br \/>\nCe programme est men\u00e9 en partenariat avec diff\u00e9rentes associations :<strong> Alter Alsace Energie<\/strong> (accompagnement sur le volet \u00e9nerg\u00e9tique), <strong>SOLIHA<\/strong> (accompagnement social individuel), <strong>FNAIM<\/strong> (accompagnement des syndics professionnels), <strong>ADIL<\/strong> (expertise juridique). L\u2019intervention de notre association est compl\u00e9mentaire des autres partenaires par une approche p\u00e9dagogique centr\u00e9e sur le b\u00e9n\u00e9ficiaire.<\/p>\n<h4>Notre action vise \u00e0 aider les copropri\u00e9taires \u00e0 cr\u00e9er des conditions favorables au dialogue et aux dynamiques collectives entre copropri\u00e9taires.<\/h4>\n<div id=\"attachment_409\" style=\"width: 910px\" class=\"wp-caption alignleft\"><img aria-describedby=\"caption-attachment-409\" decoding=\"async\" loading=\"lazy\" class=\"wp-image-409 size-large\" src=\"http:\/\/www.ecoquartier-strasbourg.fr\/wp-content\/uploads\/2017\/06\/Facilitation-de-rue-POPAC-e1505121837569-1024x718.jpg\" alt=\"\" width=\"900\" height=\"631\" srcset=\"https:\/\/www.ecoquartier-strasbourg.fr\/wp-content\/uploads\/2017\/06\/Facilitation-de-rue-POPAC-e1505121837569-1024x718.jpg 1024w, https:\/\/www.ecoquartier-strasbourg.fr\/wp-content\/uploads\/2017\/06\/Facilitation-de-rue-POPAC-e1505121837569-300x210.jpg 300w, https:\/\/www.ecoquartier-strasbourg.fr\/wp-content\/uploads\/2017\/06\/Facilitation-de-rue-POPAC-e1505121837569-768x538.jpg 768w, https:\/\/www.ecoquartier-strasbourg.fr\/wp-content\/uploads\/2017\/06\/Facilitation-de-rue-POPAC-e1505121837569-150x105.jpg 150w\" sizes=\"(max-width: 900px) 100vw, 900px\" \/><p id=\"caption-attachment-409\" class=\"wp-caption-text\">Facilitation de rue au pied d&rsquo;un immeuble avec ses copropri\u00e9taires<\/p><\/div>\n<p>Notre posture permet de nous adapter aux situations rencontr\u00e9es et de construire avec les personnes concern\u00e9es une <strong>strat\u00e9gie d\u2019action<\/strong> pour r\u00e9pondre \u00e0 leurs attentes.\u00a0Nous venons<b> en soutien<\/b> <strong>des copropri\u00e9taires et des organes de gestion (syndic, conseil syndical)<\/strong> dans leurs actions pour <strong>am\u00e9liorer la gouvernance des copropri\u00e9t\u00e9s et leurs organes de gestion (organisation du conseil syndical&#8230;).<\/strong><\/p>\n<div id=\"attachment_445\" style=\"width: 757px\" class=\"wp-caption aligncenter\"><img aria-describedby=\"caption-attachment-445\" decoding=\"async\" loading=\"lazy\" class=\"wp-image-445\" src=\"http:\/\/www.ecoquartier-strasbourg.fr\/wp-content\/uploads\/2017\/06\/Processus-daccompagnement-Coproprie\u0301te\u0301s-e1505118234410.jpg\" alt=\"\" width=\"747\" height=\"399\" srcset=\"https:\/\/www.ecoquartier-strasbourg.fr\/wp-content\/uploads\/2017\/06\/Processus-daccompagnement-Coproprie\u0301te\u0301s-e1505118234410.jpg 2320w, https:\/\/www.ecoquartier-strasbourg.fr\/wp-content\/uploads\/2017\/06\/Processus-daccompagnement-Coproprie\u0301te\u0301s-e1505118234410-300x160.jpg 300w, https:\/\/www.ecoquartier-strasbourg.fr\/wp-content\/uploads\/2017\/06\/Processus-daccompagnement-Coproprie\u0301te\u0301s-e1505118234410-768x410.jpg 768w, https:\/\/www.ecoquartier-strasbourg.fr\/wp-content\/uploads\/2017\/06\/Processus-daccompagnement-Coproprie\u0301te\u0301s-e1505118234410-1024x547.jpg 1024w, https:\/\/www.ecoquartier-strasbourg.fr\/wp-content\/uploads\/2017\/06\/Processus-daccompagnement-Coproprie\u0301te\u0301s-e1505118234410-150x80.jpg 150w\" sizes=\"(max-width: 747px) 100vw, 747px\" \/><p id=\"caption-attachment-445\" class=\"wp-caption-text\">Processus d&rsquo;accompagnement des copropri\u00e9t\u00e9s<\/p><\/div>\n<h4>Notre accompagnement permet notamment de :<\/h4>\n<p><b>1\/ Identifier les forces et les faiblesses de la copropri\u00e9t\u00e9 <\/b><br \/>\n&#8211;\u00a0\u00a0\u00a0 Avoir une vision globale du fonctionnement de la copropri\u00e9t\u00e9<br \/>\n&#8211;\u00a0\u00a0\u00a0 Recenser les besoins et les hi\u00e9rarchiser<\/p>\n<p><b>2\/ Permettre de trouver les bonnes ressources <\/b><br \/>\n&#8211;\u00a0\u00a0\u00a0 Faire conna\u00eetre des aides administratives, financi\u00e8res<br \/>\n&#8211;\u00a0\u00a0\u00a0 Pr\u00e9senter des solutions techniques<\/p>\n<p><b>3\/ Susciter l\u2019\u00e9mergence des conditions favorables \u00e0 la communication<\/b><br \/>\n&#8211;\u00a0\u00a0\u00a0 Organiser des rencontres, faciliter le dialogue<br \/>\n&#8211;\u00a0\u00a0\u00a0 Cr\u00e9er des moyens de communication<\/p>\n<p><b>4\/ Favoriser la coop\u00e9ration <\/b><br \/>\n&#8211;\u00a0\u00a0\u00a0 Lancer des projets<br \/>\n&#8211;\u00a0\u00a0\u00a0 G\u00e9rer les difficult\u00e9s<br \/>\n&#8211;\u00a0\u00a0\u00a0 Accompagner leur r\u00e9alisation<br \/>\n&#8211;\u00a0\u00a0\u00a0 Partager des initiatives<\/p>\n<p style=\"text-align: left;\"><b>5\/ Former au fonctionnement de la copropri\u00e9t\u00e9<br \/>\n<\/b>&#8211; \u00a0\u00a0 Participer \u00e0 l&rsquo;organisation du conseil syndical<br \/>\n&#8211; \u00a0\u00a0 \u00c9valuer son contrat de syndic<br \/>\n&#8211; \u00a0\u00a0 Comprendre la gestion financi\u00e8re<\/p>\n<h2>Un Forum ouvert pour am\u00e9liorer le quotidien des seniors \u00e0 l&rsquo;Esplanade<\/h2>\n<div id=\"attachment_448\" style=\"width: 910px\" class=\"wp-caption aligncenter\"><img aria-describedby=\"caption-attachment-448\" decoding=\"async\" loading=\"lazy\" class=\"wp-image-448 size-large\" src=\"http:\/\/www.ecoquartier-strasbourg.fr\/wp-content\/uploads\/2017\/06\/DSC_0347-1024x768.jpg\" alt=\"\" width=\"900\" height=\"675\" srcset=\"https:\/\/www.ecoquartier-strasbourg.fr\/wp-content\/uploads\/2017\/06\/DSC_0347-1024x768.jpg 1024w, https:\/\/www.ecoquartier-strasbourg.fr\/wp-content\/uploads\/2017\/06\/DSC_0347-300x225.jpg 300w, https:\/\/www.ecoquartier-strasbourg.fr\/wp-content\/uploads\/2017\/06\/DSC_0347-768x576.jpg 768w, https:\/\/www.ecoquartier-strasbourg.fr\/wp-content\/uploads\/2017\/06\/DSC_0347-150x113.jpg 150w, https:\/\/www.ecoquartier-strasbourg.fr\/wp-content\/uploads\/2017\/06\/DSC_0347.jpg 2048w\" sizes=\"(max-width: 900px) 100vw, 900px\" \/><p id=\"caption-attachment-448\" class=\"wp-caption-text\">Un Forum ouvert pour am\u00e9liorer le quotidien des seniors \u00e0 l&rsquo;Esplanade<\/p><\/div>\n<p>Les rencontres initi\u00e9es dans le cadre du POPAC avec des copropri\u00e9t\u00e9s et les acteurs du quartier en 2015 (services de la ville, associations&#8230;) ont fait \u00e9merger des pr\u00e9occupations centr\u00e9es sur la situation des seniors.<\/p>\n<p>Pour engager une r\u00e9flexion collective sur le sujet, Eco-Quartier Strasbourg a organis\u00e9 avec l&rsquo;ARES en octobre 2016 un <b>Forum Ouvert pour mieux vivre en tant que seniors\u00a0\u00e0 l&rsquo;Esplanade.<\/b><\/p>\n<p>Pendant une journ\u00e9e les habitants et les forces vives du quartier ont \u00e9chang\u00e9 et fait \u00e9merger des id\u00e9es pour am\u00e9liorer le quotidien des seniors \u00e0 l&rsquo;Esplanade. Cette journ\u00e9e a permis aux <strong>45 participants<\/strong> de <strong>faire \u00e9merger les enjeux du quartier et de proposer plusieurs actions pour agir sur les situations d&rsquo;isolement et de pr\u00e9carisation des seniors<\/strong> ainsi que l&rsquo;adaptation du b\u00e2ti actuel dans les ann\u00e9es \u00e0 venir (ma\u00eetrise des charges, accessibilit\u00e9&#8230;)&#8230;<\/p>\n<div class=\"item-page\"><\/div>\n<h2>Prochainement<\/h2>\n<h4>Des fiches outils pour r\u00e9parer sa copropri\u00e9t\u00e9<\/h4>\n<p>Vous cherchez des outils simples \u00e0 utiliser pour dynamiser votre copropri\u00e9t\u00e9 et son conseil syndical, nous vous proposons des fiches \u00e0 t\u00e9l\u00e9charger<\/p>\n<p><img decoding=\"async\" loading=\"lazy\" class=\"aligncenter wp-image-444 size-full\" src=\"http:\/\/www.ecoquartier-strasbourg.fr\/wp-content\/uploads\/2017\/06\/Fiche_POPAC_Re\u0301parer-sa-copro-RECTO.jpg\" alt=\"\" width=\"2338\" height=\"1652\" srcset=\"https:\/\/www.ecoquartier-strasbourg.fr\/wp-content\/uploads\/2017\/06\/Fiche_POPAC_Re\u0301parer-sa-copro-RECTO.jpg 2338w, https:\/\/www.ecoquartier-strasbourg.fr\/wp-content\/uploads\/2017\/06\/Fiche_POPAC_Re\u0301parer-sa-copro-RECTO-300x212.jpg 300w, https:\/\/www.ecoquartier-strasbourg.fr\/wp-content\/uploads\/2017\/06\/Fiche_POPAC_Re\u0301parer-sa-copro-RECTO-768x543.jpg 768w, https:\/\/www.ecoquartier-strasbourg.fr\/wp-content\/uploads\/2017\/06\/Fiche_POPAC_Re\u0301parer-sa-copro-RECTO-1024x724.jpg 1024w, https:\/\/www.ecoquartier-strasbourg.fr\/wp-content\/uploads\/2017\/06\/Fiche_POPAC_Re\u0301parer-sa-copro-RECTO-150x106.jpg 150w\" sizes=\"(max-width: 2338px) 100vw, 2338px\" \/><\/p>\n<\/div>","protected":false},"excerpt":{"rendered":"<p>Guide pratique pour accompagner la transition \u00e0 para\u00eetre en mars 2018 Eco-Quartier Strasbourg publie son Guide pratique pour une gestion durable et participative des copropri\u00e9t\u00e9s. Vous \u00eates curieux de savoir comment accompagner la transition \u00e9nerg\u00e9tique environnementale et citoyenne dans votre immeuble ? D\u00e9couvrez dans le guide comment des copropri\u00e9t\u00e9s s&rsquo;y\u2026<\/p>\n<p> <a class=\"continue-reading-link\" href=\"https:\/\/www.ecoquartier-strasbourg.fr\/index.php\/territoires-en-transition\/\"><span>Lire la suite<\/span><i class=\"crycon-right-dir\"><\/i><\/a> <\/p>\n","protected":false},"author":1,"featured_media":0,"parent":0,"menu_order":0,"comment_status":"closed","ping_status":"closed","template":"","meta":{"footnotes":""},"yoast_head":"<!-- This site is optimized with the Yoast SEO plugin v22.6 - https:\/\/yoast.com\/wordpress\/plugins\/seo\/ -->\n<title>Copropri\u00e9t\u00e9s en transition - Eco-quartier Strasbourg<\/title>\n<meta name=\"robots\" content=\"index, follow, max-snippet:-1, max-image-preview:large, max-video-preview:-1\" \/>\n<link rel=\"canonical\" href=\"https:\/\/www.ecoquartier-strasbourg.fr\/index.php\/territoires-en-transition\/\" \/>\n<meta property=\"og:locale\" content=\"fr_FR\" \/>\n<meta property=\"og:type\" content=\"article\" \/>\n<meta property=\"og:title\" content=\"Copropri\u00e9t\u00e9s en transition - Eco-quartier Strasbourg\" \/>\n<meta property=\"og:description\" content=\"Guide pratique pour accompagner la transition \u00e0 para\u00eetre en mars 2018 Eco-Quartier Strasbourg publie son Guide pratique pour une gestion durable et participative des copropri\u00e9t\u00e9s. Vous \u00eates curieux de savoir comment accompagner la transition \u00e9nerg\u00e9tique environnementale et citoyenne dans votre immeuble ? D\u00e9couvrez dans le guide comment des copropri\u00e9t\u00e9s s&rsquo;y\u2026 Lire la suite\" \/>\n<meta property=\"og:url\" content=\"https:\/\/www.ecoquartier-strasbourg.fr\/index.php\/territoires-en-transition\/\" \/>\n<meta property=\"og:site_name\" content=\"Eco-quartier Strasbourg\" \/>\n<meta property=\"article:publisher\" content=\"https:\/\/www.facebook.com\/ecoquartierstras\/\" \/>\n<meta property=\"article:modified_time\" content=\"2018-02-08T11:35:54+00:00\" \/>\n<meta property=\"og:image\" content=\"http:\/\/www.ecoquartier-strasbourg.fr\/wp-content\/uploads\/2017\/06\/Facilitation-de-rue-POPAC-e1505121837569-1024x718.jpg\" \/>\n<meta name=\"twitter:card\" content=\"summary_large_image\" \/>\n<meta name=\"twitter:label1\" content=\"Dur\u00e9e de lecture estim\u00e9e\" \/>\n\t<meta name=\"twitter:data1\" content=\"4 minutes\" \/>\n<script type=\"application\/ld+json\" class=\"yoast-schema-graph\">{\"@context\":\"https:\/\/schema.org\",\"@graph\":[{\"@type\":\"WebPage\",\"@id\":\"https:\/\/www.ecoquartier-strasbourg.fr\/index.php\/territoires-en-transition\/\",\"url\":\"https:\/\/www.ecoquartier-strasbourg.fr\/index.php\/territoires-en-transition\/\",\"name\":\"Copropri\u00e9t\u00e9s en transition - Eco-quartier Strasbourg\",\"isPartOf\":{\"@id\":\"http:\/\/www.ecoquartier-strasbourg.fr\/#website\"},\"primaryImageOfPage\":{\"@id\":\"https:\/\/www.ecoquartier-strasbourg.fr\/index.php\/territoires-en-transition\/#primaryimage\"},\"image\":{\"@id\":\"https:\/\/www.ecoquartier-strasbourg.fr\/index.php\/territoires-en-transition\/#primaryimage\"},\"thumbnailUrl\":\"http:\/\/www.ecoquartier-strasbourg.fr\/wp-content\/uploads\/2017\/06\/Facilitation-de-rue-POPAC-e1505121837569-1024x718.jpg\",\"datePublished\":\"2017-06-21T08:43:57+00:00\",\"dateModified\":\"2018-02-08T11:35:54+00:00\",\"breadcrumb\":{\"@id\":\"https:\/\/www.ecoquartier-strasbourg.fr\/index.php\/territoires-en-transition\/#breadcrumb\"},\"inLanguage\":\"fr-FR\",\"potentialAction\":[{\"@type\":\"ReadAction\",\"target\":[\"https:\/\/www.ecoquartier-strasbourg.fr\/index.php\/territoires-en-transition\/\"]}]},{\"@type\":\"ImageObject\",\"inLanguage\":\"fr-FR\",\"@id\":\"https:\/\/www.ecoquartier-strasbourg.fr\/index.php\/territoires-en-transition\/#primaryimage\",\"url\":\"https:\/\/www.ecoquartier-strasbourg.fr\/wp-content\/uploads\/2017\/06\/Facilitation-de-rue-POPAC-e1505121837569.jpg\",\"contentUrl\":\"https:\/\/www.ecoquartier-strasbourg.fr\/wp-content\/uploads\/2017\/06\/Facilitation-de-rue-POPAC-e1505121837569.jpg\",\"width\":3084,\"height\":2162},{\"@type\":\"BreadcrumbList\",\"@id\":\"https:\/\/www.ecoquartier-strasbourg.fr\/index.php\/territoires-en-transition\/#breadcrumb\",\"itemListElement\":[{\"@type\":\"ListItem\",\"position\":1,\"name\":\"Accueil\",\"item\":\"http:\/\/www.ecoquartier-strasbourg.fr\/\"},{\"@type\":\"ListItem\",\"position\":2,\"name\":\"Copropri\u00e9t\u00e9s en transition\"}]},{\"@type\":\"WebSite\",\"@id\":\"http:\/\/www.ecoquartier-strasbourg.fr\/#website\",\"url\":\"http:\/\/www.ecoquartier-strasbourg.fr\/\",\"name\":\"Eco-quartier Strasbourg\",\"description\":\"association citoyenne pour un mode de vie durable et \u00e9conome en ressources\",\"publisher\":{\"@id\":\"http:\/\/www.ecoquartier-strasbourg.fr\/#organization\"},\"potentialAction\":[{\"@type\":\"SearchAction\",\"target\":{\"@type\":\"EntryPoint\",\"urlTemplate\":\"http:\/\/www.ecoquartier-strasbourg.fr\/?s={search_term_string}\"},\"query-input\":\"required name=search_term_string\"}],\"inLanguage\":\"fr-FR\"},{\"@type\":\"Organization\",\"@id\":\"http:\/\/www.ecoquartier-strasbourg.fr\/#organization\",\"name\":\"Eco-Quartier Strasbourg\",\"url\":\"http:\/\/www.ecoquartier-strasbourg.fr\/\",\"logo\":{\"@type\":\"ImageObject\",\"inLanguage\":\"fr-FR\",\"@id\":\"http:\/\/www.ecoquartier-strasbourg.fr\/#\/schema\/logo\/image\/\",\"url\":\"https:\/\/www.ecoquartier-strasbourg.fr\/wp-content\/uploads\/2017\/06\/ROND-LOGO-EQS.png\",\"contentUrl\":\"https:\/\/www.ecoquartier-strasbourg.fr\/wp-content\/uploads\/2017\/06\/ROND-LOGO-EQS.png\",\"width\":284,\"height\":283,\"caption\":\"Eco-Quartier Strasbourg\"},\"image\":{\"@id\":\"http:\/\/www.ecoquartier-strasbourg.fr\/#\/schema\/logo\/image\/\"},\"sameAs\":[\"https:\/\/www.facebook.com\/ecoquartierstras\/\",\"https:\/\/www.youtube.com\/channel\/UCiBoGfYTElpjX9ESJJPeY3g\/playlists\"]}]}<\/script>\n<!-- \/ Yoast SEO plugin. -->","yoast_head_json":{"title":"Copropri\u00e9t\u00e9s en transition - Eco-quartier Strasbourg","robots":{"index":"index","follow":"follow","max-snippet":"max-snippet:-1","max-image-preview":"max-image-preview:large","max-video-preview":"max-video-preview:-1"},"canonical":"https:\/\/www.ecoquartier-strasbourg.fr\/index.php\/territoires-en-transition\/","og_locale":"fr_FR","og_type":"article","og_title":"Copropri\u00e9t\u00e9s en transition - Eco-quartier Strasbourg","og_description":"Guide pratique pour accompagner la transition \u00e0 para\u00eetre en mars 2018 Eco-Quartier Strasbourg publie son Guide pratique pour une gestion durable et participative des copropri\u00e9t\u00e9s. Vous \u00eates curieux de savoir comment accompagner la transition \u00e9nerg\u00e9tique environnementale et citoyenne dans votre immeuble ? D\u00e9couvrez dans le guide comment des copropri\u00e9t\u00e9s s&rsquo;y\u2026 Lire la suite","og_url":"https:\/\/www.ecoquartier-strasbourg.fr\/index.php\/territoires-en-transition\/","og_site_name":"Eco-quartier Strasbourg","article_publisher":"https:\/\/www.facebook.com\/ecoquartierstras\/","article_modified_time":"2018-02-08T11:35:54+00:00","og_image":[{"url":"http:\/\/www.ecoquartier-strasbourg.fr\/wp-content\/uploads\/2017\/06\/Facilitation-de-rue-POPAC-e1505121837569-1024x718.jpg"}],"twitter_card":"summary_large_image","twitter_misc":{"Dur\u00e9e de lecture estim\u00e9e":"4 minutes"},"schema":{"@context":"https:\/\/schema.org","@graph":[{"@type":"WebPage","@id":"https:\/\/www.ecoquartier-strasbourg.fr\/index.php\/territoires-en-transition\/","url":"https:\/\/www.ecoquartier-strasbourg.fr\/index.php\/territoires-en-transition\/","name":"Copropri\u00e9t\u00e9s en transition - Eco-quartier Strasbourg","isPartOf":{"@id":"http:\/\/www.ecoquartier-strasbourg.fr\/#website"},"primaryImageOfPage":{"@id":"https:\/\/www.ecoquartier-strasbourg.fr\/index.php\/territoires-en-transition\/#primaryimage"},"image":{"@id":"https:\/\/www.ecoquartier-strasbourg.fr\/index.php\/territoires-en-transition\/#primaryimage"},"thumbnailUrl":"http:\/\/www.ecoquartier-strasbourg.fr\/wp-content\/uploads\/2017\/06\/Facilitation-de-rue-POPAC-e1505121837569-1024x718.jpg","datePublished":"2017-06-21T08:43:57+00:00","dateModified":"2018-02-08T11:35:54+00:00","breadcrumb":{"@id":"https:\/\/www.ecoquartier-strasbourg.fr\/index.php\/territoires-en-transition\/#breadcrumb"},"inLanguage":"fr-FR","potentialAction":[{"@type":"ReadAction","target":["https:\/\/www.ecoquartier-strasbourg.fr\/index.php\/territoires-en-transition\/"]}]},{"@type":"ImageObject","inLanguage":"fr-FR","@id":"https:\/\/www.ecoquartier-strasbourg.fr\/index.php\/territoires-en-transition\/#primaryimage","url":"https:\/\/www.ecoquartier-strasbourg.fr\/wp-content\/uploads\/2017\/06\/Facilitation-de-rue-POPAC-e1505121837569.jpg","contentUrl":"https:\/\/www.ecoquartier-strasbourg.fr\/wp-content\/uploads\/2017\/06\/Facilitation-de-rue-POPAC-e1505121837569.jpg","width":3084,"height":2162},{"@type":"BreadcrumbList","@id":"https:\/\/www.ecoquartier-strasbourg.fr\/index.php\/territoires-en-transition\/#breadcrumb","itemListElement":[{"@type":"ListItem","position":1,"name":"Accueil","item":"http:\/\/www.ecoquartier-strasbourg.fr\/"},{"@type":"ListItem","position":2,"name":"Copropri\u00e9t\u00e9s en transition"}]},{"@type":"WebSite","@id":"http:\/\/www.ecoquartier-strasbourg.fr\/#website","url":"http:\/\/www.ecoquartier-strasbourg.fr\/","name":"Eco-quartier Strasbourg","description":"association citoyenne pour un mode de vie durable et \u00e9conome en ressources","publisher":{"@id":"http:\/\/www.ecoquartier-strasbourg.fr\/#organization"},"potentialAction":[{"@type":"SearchAction","target":{"@type":"EntryPoint","urlTemplate":"http:\/\/www.ecoquartier-strasbourg.fr\/?s={search_term_string}"},"query-input":"required name=search_term_string"}],"inLanguage":"fr-FR"},{"@type":"Organization","@id":"http:\/\/www.ecoquartier-strasbourg.fr\/#organization","name":"Eco-Quartier Strasbourg","url":"http:\/\/www.ecoquartier-strasbourg.fr\/","logo":{"@type":"ImageObject","inLanguage":"fr-FR","@id":"http:\/\/www.ecoquartier-strasbourg.fr\/#\/schema\/logo\/image\/","url":"https:\/\/www.ecoquartier-strasbourg.fr\/wp-content\/uploads\/2017\/06\/ROND-LOGO-EQS.png","contentUrl":"https:\/\/www.ecoquartier-strasbourg.fr\/wp-content\/uploads\/2017\/06\/ROND-LOGO-EQS.png","width":284,"height":283,"caption":"Eco-Quartier Strasbourg"},"image":{"@id":"http:\/\/www.ecoquartier-strasbourg.fr\/#\/schema\/logo\/image\/"},"sameAs":["https:\/\/www.facebook.com\/ecoquartierstras\/","https:\/\/www.youtube.com\/channel\/UCiBoGfYTElpjX9ESJJPeY3g\/playlists"]}]}},"_links":{"self":[{"href":"https:\/\/www.ecoquartier-strasbourg.fr\/index.php\/wp-json\/wp\/v2\/pages\/173"}],"collection":[{"href":"https:\/\/www.ecoquartier-strasbourg.fr\/index.php\/wp-json\/wp\/v2\/pages"}],"about":[{"href":"https:\/\/www.ecoquartier-strasbourg.fr\/index.php\/wp-json\/wp\/v2\/types\/page"}],"author":[{"embeddable":true,"href":"https:\/\/www.ecoquartier-strasbourg.fr\/index.php\/wp-json\/wp\/v2\/users\/1"}],"replies":[{"embeddable":true,"href":"https:\/\/www.ecoquartier-strasbourg.fr\/index.php\/wp-json\/wp\/v2\/comments?post=173"}],"version-history":[{"count":21,"href":"https:\/\/www.ecoquartier-strasbourg.fr\/index.php\/wp-json\/wp\/v2\/pages\/173\/revisions"}],"predecessor-version":[{"id":324,"href":"https:\/\/www.ecoquartier-strasbourg.fr\/index.php\/wp-json\/wp\/v2\/pages\/173\/revisions\/324"}],"wp:attachment":[{"href":"https:\/\/www.ecoquartier-strasbourg.fr\/index.php\/wp-json\/wp\/v2\/media?parent=173"}],"curies":[{"name":"wp","href":"https:\/\/api.w.org\/{rel}","templated":true}]}}