{"id":168,"date":"2017-06-21T10:43:57","date_gmt":"2017-06-21T08:43:57","guid":{"rendered":"http:\/\/www.ecoquartier-strasbourg.fr\/?page_id=168"},"modified":"2018-01-10T15:30:09","modified_gmt":"2018-01-10T14:30:09","slug":"partenariat","status":"publish","type":"page","link":"https:\/\/www.ecoquartier-strasbourg.fr\/index.php\/partenariat\/","title":{"rendered":"Partenariat"},"content":{"rendered":"<div class=\"mpl-content-wrap\"><h3>NOS PARTENAIRES<\/h3>\n<p>Nous sommes ouverts \u00e0 de nouveaux partenariats, sous r\u00e9serve d&rsquo;adh\u00e9sion \u00e0 notre <a href=\"http:\/\/www.ecoquartier-strasbourg.fr\/index.php\/notre-charte-de-cooperation\/\">charte de coop\u00e9ration. <\/a><\/p>\n<h3>Initiatives Citoyennes<\/h3>\n<p><strong>Le St\u00fcck<\/strong> www.<strong>lestuck<\/strong>.eu<\/p>\n<h3>Habitat Participatif<\/h3>\n<p><a href=\"http:\/\/habitatdelill.fr\"><img decoding=\"async\" loading=\"lazy\" class=\"aligncenter wp-image-470 size-full\" src=\"http:\/\/www.ecoquartier-strasbourg.fr\/wp-content\/uploads\/2017\/06\/logo_hdi_sans_slogan_0-e1505205436558.png\" alt=\"\" width=\"244\" height=\"150\" \/><\/a><strong>Habitat de l&rsquo;Ill<\/strong> www.<b>habitatdelill<\/b>.fr<\/p>\n<p><img decoding=\"async\" loading=\"lazy\" class=\"aligncenter wp-image-469 \" src=\"http:\/\/www.ecoquartier-strasbourg.fr\/wp-content\/uploads\/2017\/06\/logo-blog-domial-e1505205460277.png\" alt=\"\" width=\"221\" height=\"70\" \/><strong>DOMIAL\u00a0<\/strong>www.<strong><b>domial<\/b><\/strong>.fr <img decoding=\"async\" loading=\"lazy\" class=\"aligncenter wp-image-467 size-full\" src=\"http:\/\/www.ecoquartier-strasbourg.fr\/wp-content\/uploads\/2017\/06\/logo-Strasbourg.jpg\" alt=\"\" width=\"300\" height=\"113\" srcset=\"https:\/\/www.ecoquartier-strasbourg.fr\/wp-content\/uploads\/2017\/06\/logo-Strasbourg.jpg 300w, https:\/\/www.ecoquartier-strasbourg.fr\/wp-content\/uploads\/2017\/06\/logo-Strasbourg-150x57.jpg 150w\" sizes=\"(max-width: 300px) 100vw, 300px\" \/>La ville de Strasbourg\u00a0www.<strong>strasbourg<\/strong>.eu<\/p>\n<h3>Copropri\u00e9t\u00e9s en Transition<\/h3>\n<p><strong><img decoding=\"async\" loading=\"lazy\" class=\"aligncenter wp-image-466 size-thumbnail\" src=\"http:\/\/www.ecoquartier-strasbourg.fr\/wp-content\/uploads\/2017\/06\/logo-AlterAlsace-150x150.jpg\" alt=\"\" width=\"150\" height=\"150\" \/><\/strong><strong>Alter Alsace Energie<\/strong> accompagnement sur le volet \u00e9nerg\u00e9tique www.<b>alteralsace<\/b>.org<\/p>\n<p><strong><img decoding=\"async\" loading=\"lazy\" class=\"aligncenter wp-image-463 size-full\" src=\"http:\/\/www.ecoquartier-strasbourg.fr\/wp-content\/uploads\/2017\/06\/logo_SOLIHA.png\" alt=\"\" width=\"420\" height=\"137\" srcset=\"https:\/\/www.ecoquartier-strasbourg.fr\/wp-content\/uploads\/2017\/06\/logo_SOLIHA.png 420w, https:\/\/www.ecoquartier-strasbourg.fr\/wp-content\/uploads\/2017\/06\/logo_SOLIHA-300x98.png 300w, https:\/\/www.ecoquartier-strasbourg.fr\/wp-content\/uploads\/2017\/06\/logo_SOLIHA-150x49.png 150w\" sizes=\"(max-width: 420px) 100vw, 420px\" \/><\/strong><strong> SOLIHA <\/strong>accompagnement social individuel www.<strong>soliha<\/strong>.fr<\/p>\n<p><strong><img decoding=\"async\" loading=\"lazy\" class=\"aligncenter wp-image-464 size-full\" src=\"http:\/\/www.ecoquartier-strasbourg.fr\/wp-content\/uploads\/2017\/06\/logo_FNAIM-e1505203406696.jpg\" alt=\"\" width=\"207\" height=\"150\" \/><\/strong><\/p>\n<p><strong>FNAIM<\/strong> accompagnement des syndics professionnels www.<strong>fnaim<\/strong>.fr<\/p>\n<p><strong><img decoding=\"async\" loading=\"lazy\" class=\"aligncenter wp-image-465 size-full\" src=\"http:\/\/www.ecoquartier-strasbourg.fr\/wp-content\/uploads\/2017\/06\/Logo_ADIL-e1505203448221.png\" alt=\"\" width=\"182\" height=\"150\" \/><\/strong><\/p>\n<p><strong>ADIL<\/strong> expertise juridique www.<strong>adil67<\/strong>.org<\/p>\n<p><a href=\"http:\/\/strasbourg.eu\"><img decoding=\"async\" loading=\"lazy\" class=\"aligncenter wp-image-468 size-full\" src=\"http:\/\/www.ecoquartier-strasbourg.fr\/wp-content\/uploads\/2017\/06\/logo-EMS.jpg\" alt=\"\" width=\"502\" height=\"124\" srcset=\"https:\/\/www.ecoquartier-strasbourg.fr\/wp-content\/uploads\/2017\/06\/logo-EMS.jpg 502w, https:\/\/www.ecoquartier-strasbourg.fr\/wp-content\/uploads\/2017\/06\/logo-EMS-300x74.jpg 300w, https:\/\/www.ecoquartier-strasbourg.fr\/wp-content\/uploads\/2017\/06\/logo-EMS-150x37.jpg 150w\" sizes=\"(max-width: 502px) 100vw, 502px\" \/><\/a><strong>l&rsquo;Eurom\u00e9tropole de Strasbourg<\/strong> https:\/\/www.<strong>strasbourg<\/strong>.eu\/<\/p>\n<p>&nbsp;<\/p>\n<\/div>","protected":false},"excerpt":{"rendered":"<p>NOS PARTENAIRES Nous sommes ouverts \u00e0 de nouveaux partenariats, sous r\u00e9serve d&rsquo;adh\u00e9sion \u00e0 notre charte de coop\u00e9ration. Initiatives Citoyennes Le St\u00fcck www.lestuck.eu Habitat Participatif Habitat de l&rsquo;Ill www.habitatdelill.fr DOMIAL\u00a0www.domial.fr La ville de Strasbourg\u00a0www.strasbourg.eu Copropri\u00e9t\u00e9s en Transition Alter Alsace Energie accompagnement sur le volet \u00e9nerg\u00e9tique www.alteralsace.org SOLIHA accompagnement social individuel www.soliha.fr\u2026<\/p>\n<p> <a class=\"continue-reading-link\" href=\"https:\/\/www.ecoquartier-strasbourg.fr\/index.php\/partenariat\/\"><span>Lire la suite<\/span><i class=\"crycon-right-dir\"><\/i><\/a> <\/p>\n","protected":false},"author":1,"featured_media":0,"parent":0,"menu_order":0,"comment_status":"closed","ping_status":"closed","template":"","meta":{"footnotes":""},"yoast_head":"<!-- This site is optimized with the Yoast SEO plugin v22.6 - https:\/\/yoast.com\/wordpress\/plugins\/seo\/ -->\n<title>Partenariat - Eco-quartier Strasbourg<\/title>\n<meta name=\"robots\" content=\"index, follow, max-snippet:-1, max-image-preview:large, max-video-preview:-1\" \/>\n<link rel=\"canonical\" href=\"https:\/\/www.ecoquartier-strasbourg.fr\/index.php\/partenariat\/\" \/>\n<meta property=\"og:locale\" content=\"fr_FR\" \/>\n<meta property=\"og:type\" content=\"article\" \/>\n<meta property=\"og:title\" content=\"Partenariat - Eco-quartier Strasbourg\" \/>\n<meta property=\"og:description\" content=\"NOS PARTENAIRES Nous sommes ouverts \u00e0 de nouveaux partenariats, sous r\u00e9serve d&rsquo;adh\u00e9sion \u00e0 notre charte de coop\u00e9ration. Initiatives Citoyennes Le St\u00fcck www.lestuck.eu Habitat Participatif Habitat de l&rsquo;Ill www.habitatdelill.fr DOMIAL\u00a0www.domial.fr La ville de Strasbourg\u00a0www.strasbourg.eu Copropri\u00e9t\u00e9s en Transition Alter Alsace Energie accompagnement sur le volet \u00e9nerg\u00e9tique www.alteralsace.org SOLIHA accompagnement social individuel www.soliha.fr\u2026 Lire la suite\" \/>\n<meta property=\"og:url\" content=\"https:\/\/www.ecoquartier-strasbourg.fr\/index.php\/partenariat\/\" \/>\n<meta property=\"og:site_name\" content=\"Eco-quartier Strasbourg\" \/>\n<meta property=\"article:publisher\" content=\"https:\/\/www.facebook.com\/ecoquartierstras\/\" \/>\n<meta property=\"article:modified_time\" content=\"2018-01-10T14:30:09+00:00\" \/>\n<meta property=\"og:image\" content=\"http:\/\/www.ecoquartier-strasbourg.fr\/wp-content\/uploads\/2017\/06\/logo_hdi_sans_slogan_0-e1505205436558.png\" \/>\n<meta name=\"twitter:card\" content=\"summary_large_image\" \/>\n<script type=\"application\/ld+json\" class=\"yoast-schema-graph\">{\"@context\":\"https:\/\/schema.org\",\"@graph\":[{\"@type\":\"WebPage\",\"@id\":\"https:\/\/www.ecoquartier-strasbourg.fr\/index.php\/partenariat\/\",\"url\":\"https:\/\/www.ecoquartier-strasbourg.fr\/index.php\/partenariat\/\",\"name\":\"Partenariat - Eco-quartier Strasbourg\",\"isPartOf\":{\"@id\":\"http:\/\/www.ecoquartier-strasbourg.fr\/#website\"},\"primaryImageOfPage\":{\"@id\":\"https:\/\/www.ecoquartier-strasbourg.fr\/index.php\/partenariat\/#primaryimage\"},\"image\":{\"@id\":\"https:\/\/www.ecoquartier-strasbourg.fr\/index.php\/partenariat\/#primaryimage\"},\"thumbnailUrl\":\"http:\/\/www.ecoquartier-strasbourg.fr\/wp-content\/uploads\/2017\/06\/logo_hdi_sans_slogan_0-e1505205436558.png\",\"datePublished\":\"2017-06-21T08:43:57+00:00\",\"dateModified\":\"2018-01-10T14:30:09+00:00\",\"breadcrumb\":{\"@id\":\"https:\/\/www.ecoquartier-strasbourg.fr\/index.php\/partenariat\/#breadcrumb\"},\"inLanguage\":\"fr-FR\",\"potentialAction\":[{\"@type\":\"ReadAction\",\"target\":[\"https:\/\/www.ecoquartier-strasbourg.fr\/index.php\/partenariat\/\"]}]},{\"@type\":\"ImageObject\",\"inLanguage\":\"fr-FR\",\"@id\":\"https:\/\/www.ecoquartier-strasbourg.fr\/index.php\/partenariat\/#primaryimage\",\"url\":\"https:\/\/www.ecoquartier-strasbourg.fr\/wp-content\/uploads\/2017\/06\/logo_hdi_sans_slogan_0-e1505205436558.png\",\"contentUrl\":\"https:\/\/www.ecoquartier-strasbourg.fr\/wp-content\/uploads\/2017\/06\/logo_hdi_sans_slogan_0-e1505205436558.png\",\"width\":244,\"height\":150},{\"@type\":\"BreadcrumbList\",\"@id\":\"https:\/\/www.ecoquartier-strasbourg.fr\/index.php\/partenariat\/#breadcrumb\",\"itemListElement\":[{\"@type\":\"ListItem\",\"position\":1,\"name\":\"Accueil\",\"item\":\"http:\/\/www.ecoquartier-strasbourg.fr\/\"},{\"@type\":\"ListItem\",\"position\":2,\"name\":\"Partenariat\"}]},{\"@type\":\"WebSite\",\"@id\":\"http:\/\/www.ecoquartier-strasbourg.fr\/#website\",\"url\":\"http:\/\/www.ecoquartier-strasbourg.fr\/\",\"name\":\"Eco-quartier Strasbourg\",\"description\":\"association citoyenne pour un mode de vie durable et \u00e9conome en ressources\",\"publisher\":{\"@id\":\"http:\/\/www.ecoquartier-strasbourg.fr\/#organization\"},\"potentialAction\":[{\"@type\":\"SearchAction\",\"target\":{\"@type\":\"EntryPoint\",\"urlTemplate\":\"http:\/\/www.ecoquartier-strasbourg.fr\/?s={search_term_string}\"},\"query-input\":\"required name=search_term_string\"}],\"inLanguage\":\"fr-FR\"},{\"@type\":\"Organization\",\"@id\":\"http:\/\/www.ecoquartier-strasbourg.fr\/#organization\",\"name\":\"Eco-Quartier Strasbourg\",\"url\":\"http:\/\/www.ecoquartier-strasbourg.fr\/\",\"logo\":{\"@type\":\"ImageObject\",\"inLanguage\":\"fr-FR\",\"@id\":\"http:\/\/www.ecoquartier-strasbourg.fr\/#\/schema\/logo\/image\/\",\"url\":\"https:\/\/www.ecoquartier-strasbourg.fr\/wp-content\/uploads\/2017\/06\/ROND-LOGO-EQS.png\",\"contentUrl\":\"https:\/\/www.ecoquartier-strasbourg.fr\/wp-content\/uploads\/2017\/06\/ROND-LOGO-EQS.png\",\"width\":284,\"height\":283,\"caption\":\"Eco-Quartier Strasbourg\"},\"image\":{\"@id\":\"http:\/\/www.ecoquartier-strasbourg.fr\/#\/schema\/logo\/image\/\"},\"sameAs\":[\"https:\/\/www.facebook.com\/ecoquartierstras\/\",\"https:\/\/www.youtube.com\/channel\/UCiBoGfYTElpjX9ESJJPeY3g\/playlists\"]}]}<\/script>\n<!-- \/ Yoast SEO plugin. -->","yoast_head_json":{"title":"Partenariat - Eco-quartier Strasbourg","robots":{"index":"index","follow":"follow","max-snippet":"max-snippet:-1","max-image-preview":"max-image-preview:large","max-video-preview":"max-video-preview:-1"},"canonical":"https:\/\/www.ecoquartier-strasbourg.fr\/index.php\/partenariat\/","og_locale":"fr_FR","og_type":"article","og_title":"Partenariat - Eco-quartier Strasbourg","og_description":"NOS PARTENAIRES Nous sommes ouverts \u00e0 de nouveaux partenariats, sous r\u00e9serve d&rsquo;adh\u00e9sion \u00e0 notre charte de coop\u00e9ration. Initiatives Citoyennes Le St\u00fcck www.lestuck.eu Habitat Participatif Habitat de l&rsquo;Ill www.habitatdelill.fr DOMIAL\u00a0www.domial.fr La ville de Strasbourg\u00a0www.strasbourg.eu Copropri\u00e9t\u00e9s en Transition Alter Alsace Energie accompagnement sur le volet \u00e9nerg\u00e9tique www.alteralsace.org SOLIHA accompagnement social individuel www.soliha.fr\u2026 Lire la suite","og_url":"https:\/\/www.ecoquartier-strasbourg.fr\/index.php\/partenariat\/","og_site_name":"Eco-quartier Strasbourg","article_publisher":"https:\/\/www.facebook.com\/ecoquartierstras\/","article_modified_time":"2018-01-10T14:30:09+00:00","og_image":[{"url":"http:\/\/www.ecoquartier-strasbourg.fr\/wp-content\/uploads\/2017\/06\/logo_hdi_sans_slogan_0-e1505205436558.png"}],"twitter_card":"summary_large_image","schema":{"@context":"https:\/\/schema.org","@graph":[{"@type":"WebPage","@id":"https:\/\/www.ecoquartier-strasbourg.fr\/index.php\/partenariat\/","url":"https:\/\/www.ecoquartier-strasbourg.fr\/index.php\/partenariat\/","name":"Partenariat - Eco-quartier Strasbourg","isPartOf":{"@id":"http:\/\/www.ecoquartier-strasbourg.fr\/#website"},"primaryImageOfPage":{"@id":"https:\/\/www.ecoquartier-strasbourg.fr\/index.php\/partenariat\/#primaryimage"},"image":{"@id":"https:\/\/www.ecoquartier-strasbourg.fr\/index.php\/partenariat\/#primaryimage"},"thumbnailUrl":"http:\/\/www.ecoquartier-strasbourg.fr\/wp-content\/uploads\/2017\/06\/logo_hdi_sans_slogan_0-e1505205436558.png","datePublished":"2017-06-21T08:43:57+00:00","dateModified":"2018-01-10T14:30:09+00:00","breadcrumb":{"@id":"https:\/\/www.ecoquartier-strasbourg.fr\/index.php\/partenariat\/#breadcrumb"},"inLanguage":"fr-FR","potentialAction":[{"@type":"ReadAction","target":["https:\/\/www.ecoquartier-strasbourg.fr\/index.php\/partenariat\/"]}]},{"@type":"ImageObject","inLanguage":"fr-FR","@id":"https:\/\/www.ecoquartier-strasbourg.fr\/index.php\/partenariat\/#primaryimage","url":"https:\/\/www.ecoquartier-strasbourg.fr\/wp-content\/uploads\/2017\/06\/logo_hdi_sans_slogan_0-e1505205436558.png","contentUrl":"https:\/\/www.ecoquartier-strasbourg.fr\/wp-content\/uploads\/2017\/06\/logo_hdi_sans_slogan_0-e1505205436558.png","width":244,"height":150},{"@type":"BreadcrumbList","@id":"https:\/\/www.ecoquartier-strasbourg.fr\/index.php\/partenariat\/#breadcrumb","itemListElement":[{"@type":"ListItem","position":1,"name":"Accueil","item":"http:\/\/www.ecoquartier-strasbourg.fr\/"},{"@type":"ListItem","position":2,"name":"Partenariat"}]},{"@type":"WebSite","@id":"http:\/\/www.ecoquartier-strasbourg.fr\/#website","url":"http:\/\/www.ecoquartier-strasbourg.fr\/","name":"Eco-quartier Strasbourg","description":"association citoyenne pour un mode de vie durable et \u00e9conome en ressources","publisher":{"@id":"http:\/\/www.ecoquartier-strasbourg.fr\/#organization"},"potentialAction":[{"@type":"SearchAction","target":{"@type":"EntryPoint","urlTemplate":"http:\/\/www.ecoquartier-strasbourg.fr\/?s={search_term_string}"},"query-input":"required name=search_term_string"}],"inLanguage":"fr-FR"},{"@type":"Organization","@id":"http:\/\/www.ecoquartier-strasbourg.fr\/#organization","name":"Eco-Quartier Strasbourg","url":"http:\/\/www.ecoquartier-strasbourg.fr\/","logo":{"@type":"ImageObject","inLanguage":"fr-FR","@id":"http:\/\/www.ecoquartier-strasbourg.fr\/#\/schema\/logo\/image\/","url":"https:\/\/www.ecoquartier-strasbourg.fr\/wp-content\/uploads\/2017\/06\/ROND-LOGO-EQS.png","contentUrl":"https:\/\/www.ecoquartier-strasbourg.fr\/wp-content\/uploads\/2017\/06\/ROND-LOGO-EQS.png","width":284,"height":283,"caption":"Eco-Quartier Strasbourg"},"image":{"@id":"http:\/\/www.ecoquartier-strasbourg.fr\/#\/schema\/logo\/image\/"},"sameAs":["https:\/\/www.facebook.com\/ecoquartierstras\/","https:\/\/www.youtube.com\/channel\/UCiBoGfYTElpjX9ESJJPeY3g\/playlists"]}]}},"_links":{"self":[{"href":"https:\/\/www.ecoquartier-strasbourg.fr\/index.php\/wp-json\/wp\/v2\/pages\/168"}],"collection":[{"href":"https:\/\/www.ecoquartier-strasbourg.fr\/index.php\/wp-json\/wp\/v2\/pages"}],"about":[{"href":"https:\/\/www.ecoquartier-strasbourg.fr\/index.php\/wp-json\/wp\/v2\/types\/page"}],"author":[{"embeddable":true,"href":"https:\/\/www.ecoquartier-strasbourg.fr\/index.php\/wp-json\/wp\/v2\/users\/1"}],"replies":[{"embeddable":true,"href":"https:\/\/www.ecoquartier-strasbourg.fr\/index.php\/wp-json\/wp\/v2\/comments?post=168"}],"version-history":[{"count":4,"href":"https:\/\/www.ecoquartier-strasbourg.fr\/index.php\/wp-json\/wp\/v2\/pages\/168\/revisions"}],"predecessor-version":[{"id":711,"href":"https:\/\/www.ecoquartier-strasbourg.fr\/index.php\/wp-json\/wp\/v2\/pages\/168\/revisions\/711"}],"wp:attachment":[{"href":"https:\/\/www.ecoquartier-strasbourg.fr\/index.php\/wp-json\/wp\/v2\/media?parent=168"}],"curies":[{"name":"wp","href":"https:\/\/api.w.org\/{rel}","templated":true}]}}