{"id":150,"date":"2017-06-21T10:30:30","date_gmt":"2017-06-21T08:30:30","guid":{"rendered":"http:\/\/www.ecoquartier-strasbourg.fr\/?page_id=150"},"modified":"2025-02-03T14:39:22","modified_gmt":"2025-02-03T13:39:22","slug":"qui-sommes-nous","status":"publish","type":"page","link":"https:\/\/www.ecoquartier-strasbourg.fr\/index.php\/qui-sommes-nous\/","title":{"rendered":"Qui sommes-nous?"},"content":{"rendered":"<div class=\"mpl-content-wrap\"><p>L&rsquo;association Eco-Quartier Strasbourg a \u00e9t\u00e9 cr\u00e9\u00e9e en 2001 dans le but d&rsquo;inciter \u00e0 un mode de vie durable et \u00e9conome en ressources.<\/p>\n<p>Son objectif principal historique est de promouvoir des actions exemplaires d&rsquo;urbanisme, notamment par la cr\u00e9ation d\u2019\u00e9coquartiers et la construction de logements en autopromotion reposant sur l\u2019initiative citoyenne et r\u00e9pondant mieux aux attentes des habitants.<\/p>\n<p>D&rsquo;autres voies d&rsquo;action se sont ensuite d\u00e9velopp\u00e9es au sein de l&rsquo;association comme la transition dans les territoires, la cr\u00e9ation d&rsquo;une monnaie locale compl\u00e9mentaire, les lieux d&rsquo;initiative citoyenne.<\/p>\n<p>Depuis 2013, l&rsquo;association fonctionne en \u00ab\u00a0Coll\u00e8ges\u00a0\u00bb qui r\u00e9unissent les adh\u00e9rents actifs autour de chacune des th\u00e9matiques de l&rsquo;association. Le Comit\u00e9 Coll\u00e9gial assure la coordination et la coh\u00e9rence des actions men\u00e9es, et rassemble les repr\u00e9sentants de chacun de ses Coll\u00e8ges.<\/p>\n<p>En voici les membres actuels :<\/p>\n<p>Jean-Louis Billault<\/p>\n<p>Quentin Cadet<\/p>\n<p>St\u00e9phane Vuillemier<\/p>\n<p>Mathieu Payre<\/p>\n<p>Emmanuelle Parodi<\/p>\n<\/div>","protected":false},"excerpt":{"rendered":"<p>L&rsquo;association Eco-Quartier Strasbourg a \u00e9t\u00e9 cr\u00e9\u00e9e en 2001 dans le but d&rsquo;inciter \u00e0 un mode de vie durable et \u00e9conome en ressources. Son objectif principal historique est de promouvoir des actions exemplaires d&rsquo;urbanisme, notamment par la cr\u00e9ation d\u2019\u00e9coquartiers et la construction de logements en autopromotion reposant sur l\u2019initiative citoyenne et\u2026<\/p>\n<p> <a class=\"continue-reading-link\" href=\"https:\/\/www.ecoquartier-strasbourg.fr\/index.php\/qui-sommes-nous\/\"><span>Lire la suite<\/span><i class=\"crycon-right-dir\"><\/i><\/a> <\/p>\n","protected":false},"author":1,"featured_media":0,"parent":0,"menu_order":0,"comment_status":"closed","ping_status":"closed","template":"","meta":{"footnotes":""},"yoast_head":"<!-- This site is optimized with the Yoast SEO plugin v22.6 - https:\/\/yoast.com\/wordpress\/plugins\/seo\/ -->\n<title>Qui sommes-nous? - Eco-quartier Strasbourg<\/title>\n<meta name=\"robots\" content=\"index, follow, max-snippet:-1, max-image-preview:large, max-video-preview:-1\" \/>\n<link rel=\"canonical\" href=\"https:\/\/www.ecoquartier-strasbourg.fr\/index.php\/qui-sommes-nous\/\" \/>\n<meta property=\"og:locale\" content=\"fr_FR\" \/>\n<meta property=\"og:type\" content=\"article\" \/>\n<meta property=\"og:title\" content=\"Qui sommes-nous? - Eco-quartier Strasbourg\" \/>\n<meta property=\"og:description\" content=\"L&rsquo;association Eco-Quartier Strasbourg a \u00e9t\u00e9 cr\u00e9\u00e9e en 2001 dans le but d&rsquo;inciter \u00e0 un mode de vie durable et \u00e9conome en ressources. Son objectif principal historique est de promouvoir des actions exemplaires d&rsquo;urbanisme, notamment par la cr\u00e9ation d\u2019\u00e9coquartiers et la construction de logements en autopromotion reposant sur l\u2019initiative citoyenne et\u2026 Lire la suite\" \/>\n<meta property=\"og:url\" content=\"https:\/\/www.ecoquartier-strasbourg.fr\/index.php\/qui-sommes-nous\/\" \/>\n<meta property=\"og:site_name\" content=\"Eco-quartier Strasbourg\" \/>\n<meta property=\"article:publisher\" content=\"https:\/\/www.facebook.com\/ecoquartierstras\/\" \/>\n<meta property=\"article:modified_time\" content=\"2025-02-03T13:39:22+00:00\" \/>\n<meta name=\"twitter:card\" content=\"summary_large_image\" \/>\n<meta name=\"twitter:label1\" content=\"Dur\u00e9e de lecture estim\u00e9e\" \/>\n\t<meta name=\"twitter:data1\" content=\"1 minute\" \/>\n<script type=\"application\/ld+json\" class=\"yoast-schema-graph\">{\"@context\":\"https:\/\/schema.org\",\"@graph\":[{\"@type\":\"WebPage\",\"@id\":\"https:\/\/www.ecoquartier-strasbourg.fr\/index.php\/qui-sommes-nous\/\",\"url\":\"https:\/\/www.ecoquartier-strasbourg.fr\/index.php\/qui-sommes-nous\/\",\"name\":\"Qui sommes-nous? - Eco-quartier Strasbourg\",\"isPartOf\":{\"@id\":\"http:\/\/www.ecoquartier-strasbourg.fr\/#website\"},\"datePublished\":\"2017-06-21T08:30:30+00:00\",\"dateModified\":\"2025-02-03T13:39:22+00:00\",\"breadcrumb\":{\"@id\":\"https:\/\/www.ecoquartier-strasbourg.fr\/index.php\/qui-sommes-nous\/#breadcrumb\"},\"inLanguage\":\"fr-FR\",\"potentialAction\":[{\"@type\":\"ReadAction\",\"target\":[\"https:\/\/www.ecoquartier-strasbourg.fr\/index.php\/qui-sommes-nous\/\"]}]},{\"@type\":\"BreadcrumbList\",\"@id\":\"https:\/\/www.ecoquartier-strasbourg.fr\/index.php\/qui-sommes-nous\/#breadcrumb\",\"itemListElement\":[{\"@type\":\"ListItem\",\"position\":1,\"name\":\"Accueil\",\"item\":\"http:\/\/www.ecoquartier-strasbourg.fr\/\"},{\"@type\":\"ListItem\",\"position\":2,\"name\":\"Qui sommes-nous?\"}]},{\"@type\":\"WebSite\",\"@id\":\"http:\/\/www.ecoquartier-strasbourg.fr\/#website\",\"url\":\"http:\/\/www.ecoquartier-strasbourg.fr\/\",\"name\":\"Eco-quartier Strasbourg\",\"description\":\"association citoyenne pour un mode de vie durable et \u00e9conome en ressources\",\"publisher\":{\"@id\":\"http:\/\/www.ecoquartier-strasbourg.fr\/#organization\"},\"potentialAction\":[{\"@type\":\"SearchAction\",\"target\":{\"@type\":\"EntryPoint\",\"urlTemplate\":\"http:\/\/www.ecoquartier-strasbourg.fr\/?s={search_term_string}\"},\"query-input\":\"required name=search_term_string\"}],\"inLanguage\":\"fr-FR\"},{\"@type\":\"Organization\",\"@id\":\"http:\/\/www.ecoquartier-strasbourg.fr\/#organization\",\"name\":\"Eco-Quartier Strasbourg\",\"url\":\"http:\/\/www.ecoquartier-strasbourg.fr\/\",\"logo\":{\"@type\":\"ImageObject\",\"inLanguage\":\"fr-FR\",\"@id\":\"http:\/\/www.ecoquartier-strasbourg.fr\/#\/schema\/logo\/image\/\",\"url\":\"https:\/\/www.ecoquartier-strasbourg.fr\/wp-content\/uploads\/2017\/06\/ROND-LOGO-EQS.png\",\"contentUrl\":\"https:\/\/www.ecoquartier-strasbourg.fr\/wp-content\/uploads\/2017\/06\/ROND-LOGO-EQS.png\",\"width\":284,\"height\":283,\"caption\":\"Eco-Quartier Strasbourg\"},\"image\":{\"@id\":\"http:\/\/www.ecoquartier-strasbourg.fr\/#\/schema\/logo\/image\/\"},\"sameAs\":[\"https:\/\/www.facebook.com\/ecoquartierstras\/\",\"https:\/\/www.youtube.com\/channel\/UCiBoGfYTElpjX9ESJJPeY3g\/playlists\"]}]}<\/script>\n<!-- \/ Yoast SEO plugin. -->","yoast_head_json":{"title":"Qui sommes-nous? - Eco-quartier Strasbourg","robots":{"index":"index","follow":"follow","max-snippet":"max-snippet:-1","max-image-preview":"max-image-preview:large","max-video-preview":"max-video-preview:-1"},"canonical":"https:\/\/www.ecoquartier-strasbourg.fr\/index.php\/qui-sommes-nous\/","og_locale":"fr_FR","og_type":"article","og_title":"Qui sommes-nous? - Eco-quartier Strasbourg","og_description":"L&rsquo;association Eco-Quartier Strasbourg a \u00e9t\u00e9 cr\u00e9\u00e9e en 2001 dans le but d&rsquo;inciter \u00e0 un mode de vie durable et \u00e9conome en ressources. Son objectif principal historique est de promouvoir des actions exemplaires d&rsquo;urbanisme, notamment par la cr\u00e9ation d\u2019\u00e9coquartiers et la construction de logements en autopromotion reposant sur l\u2019initiative citoyenne et\u2026 Lire la suite","og_url":"https:\/\/www.ecoquartier-strasbourg.fr\/index.php\/qui-sommes-nous\/","og_site_name":"Eco-quartier Strasbourg","article_publisher":"https:\/\/www.facebook.com\/ecoquartierstras\/","article_modified_time":"2025-02-03T13:39:22+00:00","twitter_card":"summary_large_image","twitter_misc":{"Dur\u00e9e de lecture estim\u00e9e":"1 minute"},"schema":{"@context":"https:\/\/schema.org","@graph":[{"@type":"WebPage","@id":"https:\/\/www.ecoquartier-strasbourg.fr\/index.php\/qui-sommes-nous\/","url":"https:\/\/www.ecoquartier-strasbourg.fr\/index.php\/qui-sommes-nous\/","name":"Qui sommes-nous? - Eco-quartier Strasbourg","isPartOf":{"@id":"http:\/\/www.ecoquartier-strasbourg.fr\/#website"},"datePublished":"2017-06-21T08:30:30+00:00","dateModified":"2025-02-03T13:39:22+00:00","breadcrumb":{"@id":"https:\/\/www.ecoquartier-strasbourg.fr\/index.php\/qui-sommes-nous\/#breadcrumb"},"inLanguage":"fr-FR","potentialAction":[{"@type":"ReadAction","target":["https:\/\/www.ecoquartier-strasbourg.fr\/index.php\/qui-sommes-nous\/"]}]},{"@type":"BreadcrumbList","@id":"https:\/\/www.ecoquartier-strasbourg.fr\/index.php\/qui-sommes-nous\/#breadcrumb","itemListElement":[{"@type":"ListItem","position":1,"name":"Accueil","item":"http:\/\/www.ecoquartier-strasbourg.fr\/"},{"@type":"ListItem","position":2,"name":"Qui sommes-nous?"}]},{"@type":"WebSite","@id":"http:\/\/www.ecoquartier-strasbourg.fr\/#website","url":"http:\/\/www.ecoquartier-strasbourg.fr\/","name":"Eco-quartier Strasbourg","description":"association citoyenne pour un mode de vie durable et \u00e9conome en ressources","publisher":{"@id":"http:\/\/www.ecoquartier-strasbourg.fr\/#organization"},"potentialAction":[{"@type":"SearchAction","target":{"@type":"EntryPoint","urlTemplate":"http:\/\/www.ecoquartier-strasbourg.fr\/?s={search_term_string}"},"query-input":"required name=search_term_string"}],"inLanguage":"fr-FR"},{"@type":"Organization","@id":"http:\/\/www.ecoquartier-strasbourg.fr\/#organization","name":"Eco-Quartier Strasbourg","url":"http:\/\/www.ecoquartier-strasbourg.fr\/","logo":{"@type":"ImageObject","inLanguage":"fr-FR","@id":"http:\/\/www.ecoquartier-strasbourg.fr\/#\/schema\/logo\/image\/","url":"https:\/\/www.ecoquartier-strasbourg.fr\/wp-content\/uploads\/2017\/06\/ROND-LOGO-EQS.png","contentUrl":"https:\/\/www.ecoquartier-strasbourg.fr\/wp-content\/uploads\/2017\/06\/ROND-LOGO-EQS.png","width":284,"height":283,"caption":"Eco-Quartier Strasbourg"},"image":{"@id":"http:\/\/www.ecoquartier-strasbourg.fr\/#\/schema\/logo\/image\/"},"sameAs":["https:\/\/www.facebook.com\/ecoquartierstras\/","https:\/\/www.youtube.com\/channel\/UCiBoGfYTElpjX9ESJJPeY3g\/playlists"]}]}},"_links":{"self":[{"href":"https:\/\/www.ecoquartier-strasbourg.fr\/index.php\/wp-json\/wp\/v2\/pages\/150"}],"collection":[{"href":"https:\/\/www.ecoquartier-strasbourg.fr\/index.php\/wp-json\/wp\/v2\/pages"}],"about":[{"href":"https:\/\/www.ecoquartier-strasbourg.fr\/index.php\/wp-json\/wp\/v2\/types\/page"}],"author":[{"embeddable":true,"href":"https:\/\/www.ecoquartier-strasbourg.fr\/index.php\/wp-json\/wp\/v2\/users\/1"}],"replies":[{"embeddable":true,"href":"https:\/\/www.ecoquartier-strasbourg.fr\/index.php\/wp-json\/wp\/v2\/comments?post=150"}],"version-history":[{"count":10,"href":"https:\/\/www.ecoquartier-strasbourg.fr\/index.php\/wp-json\/wp\/v2\/pages\/150\/revisions"}],"predecessor-version":[{"id":1312,"href":"https:\/\/www.ecoquartier-strasbourg.fr\/index.php\/wp-json\/wp\/v2\/pages\/150\/revisions\/1312"}],"wp:attachment":[{"href":"https:\/\/www.ecoquartier-strasbourg.fr\/index.php\/wp-json\/wp\/v2\/media?parent=150"}],"curies":[{"name":"wp","href":"https:\/\/api.w.org\/{rel}","templated":true}]}}